{"id":8550,"date":"2025-10-03T15:22:07","date_gmt":"2025-10-03T15:22:07","guid":{"rendered":"https:\/\/ecceukch.eu\/?page_id=8550"},"modified":"2025-10-03T15:48:31","modified_gmt":"2025-10-03T15:48:31","slug":"le-projet","status":"publish","type":"page","link":"https:\/\/ecceukch.eu\/fr\/le-projet\/","title":{"rendered":"Le projet"},"content":{"rendered":"<p><div class=\"fusion-fullwidth fullwidth-box fusion-builder-row-1 fusion-flex-container nonhundred-percent-fullwidth non-hundred-percent-height-scrolling fusion-animated\" style=\"--awb-border-radius-top-left:0px;--awb-border-radius-top-right:0px;--awb-border-radius-bottom-right:0px;--awb-border-radius-bottom-left:0px;--awb-padding-bottom:0px;--awb-margin-bottom:0px;--awb-margin-bottom-medium:80px;--awb-margin-bottom-small:60px;--awb-flex-wrap:wrap;\" data-animationType=\"fadeInUp\" data-animationDuration=\"1.3\" data-animationOffset=\"top-into-view\" ><div class=\"fusion-builder-row fusion-row fusion-flex-align-items-center fusion-flex-justify-content-center fusion-flex-content-wrap\" style=\"max-width:1216.8px;margin-left: calc(-4% \/ 2 );margin-right: calc(-4% \/ 2 );\"><div class=\"fusion-layout-column fusion_builder_column fusion-builder-column-0 fusion_builder_column_1_1 1_1 fusion-flex-column fusion-animated\" style=\"--awb-bg-size:cover;--awb-width-large:100%;--awb-margin-top-large:0px;--awb-spacing-right-large:1.92%;--awb-margin-bottom-large:0px;--awb-spacing-left-large:1.92%;--awb-width-medium:100%;--awb-order-medium:0;--awb-spacing-right-medium:1.92%;--awb-spacing-left-medium:1.92%;--awb-width-small:100%;--awb-order-small:0;--awb-spacing-right-small:1.92%;--awb-margin-bottom-small:50px;--awb-spacing-left-small:1.92%;\" data-animationType=\"fadeIn\" data-animationDuration=\"0.3\" data-animationOffset=\"top-into-view\"><div class=\"fusion-column-wrapper fusion-column-has-shadow fusion-flex-justify-content-flex-start fusion-content-layout-column\"><div class=\"fusion-image-element \" style=\"--awb-caption-title-font-family:var(--h2_typography-font-family);--awb-caption-title-font-weight:var(--h2_typography-font-weight);--awb-caption-title-font-style:var(--h2_typography-font-style);--awb-caption-title-size:var(--h2_typography-font-size);--awb-caption-title-transform:var(--h2_typography-text-transform);--awb-caption-title-line-height:var(--h2_typography-line-height);--awb-caption-title-letter-spacing:var(--h2_typography-letter-spacing);\"><span class=\" fusion-imageframe imageframe-none imageframe-1 hover-type-zoomin fusion-animated\" data-animationType=\"fadeInDown\" data-animationDuration=\"0.2\" data-animationDelay=\"0.3\" data-animationOffset=\"top-into-view\"><img decoding=\"async\" width=\"1200\" height=\"461\" title=\"il-progetto-immagine\" src=\"https:\/\/ecceukch.eu\/wp-content\/uploads\/2025\/10\/il-progetto-immagine.jpg\" data-orig-src=\"https:\/\/ecceukch.eu\/wp-content\/uploads\/2025\/10\/il-progetto-immagine-1200x461.jpg\" alt class=\"lazyload img-responsive wp-image-8559\" srcset=\"data:image\/svg+xml,%3Csvg%20xmlns%3D%27http%3A%2F%2Fwww.w3.org%2F2000%2Fsvg%27%20width%3D%272560%27%20height%3D%27983%27%20viewBox%3D%270%200%202560%20983%27%3E%3Crect%20width%3D%272560%27%20height%3D%27983%27%20fill-opacity%3D%220%22%2F%3E%3C%2Fsvg%3E\" data-srcset=\"https:\/\/ecceukch.eu\/wp-content\/uploads\/2025\/10\/il-progetto-immagine-200x77.jpg 200w, https:\/\/ecceukch.eu\/wp-content\/uploads\/2025\/10\/il-progetto-immagine-400x154.jpg 400w, https:\/\/ecceukch.eu\/wp-content\/uploads\/2025\/10\/il-progetto-immagine-600x230.jpg 600w, https:\/\/ecceukch.eu\/wp-content\/uploads\/2025\/10\/il-progetto-immagine-800x307.jpg 800w, https:\/\/ecceukch.eu\/wp-content\/uploads\/2025\/10\/il-progetto-immagine-1200x461.jpg 1200w\" data-sizes=\"auto\" data-orig-sizes=\"(max-width: 1024px) 100vw, (max-width: 640px) 100vw, 1200px\" \/><\/span><\/div><\/div><\/div><\/div><\/div><div class=\"fusion-fullwidth fullwidth-box fusion-builder-row-2 fusion-flex-container nonhundred-percent-fullwidth non-hundred-percent-height-scrolling fusion-animated\" style=\"--awb-border-radius-top-left:0px;--awb-border-radius-top-right:0px;--awb-border-radius-bottom-right:0px;--awb-border-radius-bottom-left:0px;--awb-margin-bottom:120px;--awb-margin-bottom-medium:80px;--awb-margin-bottom-small:60px;--awb-flex-wrap:wrap;\" data-animationType=\"fadeInUp\" data-animationDuration=\"1.3\" data-animationOffset=\"top-into-view\" ><div class=\"fusion-builder-row fusion-row fusion-flex-align-items-center fusion-flex-justify-content-center fusion-flex-content-wrap\" style=\"max-width:1216.8px;margin-left: calc(-4% \/ 2 );margin-right: calc(-4% \/ 2 );\"><div class=\"fusion-layout-column fusion_builder_column fusion-builder-column-1 fusion_builder_column_1_1 1_1 fusion-flex-column fusion-animated\" style=\"--awb-bg-size:cover;--awb-width-large:100%;--awb-margin-top-large:23px;--awb-spacing-right-large:1.92%;--awb-margin-bottom-large:70px;--awb-spacing-left-large:1.92%;--awb-width-medium:100%;--awb-order-medium:0;--awb-spacing-right-medium:1.92%;--awb-spacing-left-medium:1.92%;--awb-width-small:100%;--awb-order-small:0;--awb-spacing-right-small:1.92%;--awb-margin-bottom-small:50px;--awb-spacing-left-small:1.92%;\" data-animationType=\"fadeIn\" data-animationDuration=\"0.3\" data-animationOffset=\"top-into-view\"><div class=\"fusion-column-wrapper fusion-column-has-shadow fusion-flex-justify-content-flex-start fusion-content-layout-column\"><div class=\"fusion-title title fusion-title-1 fusion-title-center fusion-title-text fusion-title-size-two\" style=\"--awb-margin-top-small:0px;--awb-margin-bottom-small:20px;\"><div class=\"title-sep-container title-sep-container-left\"><div class=\"title-sep sep- sep-solid\" style=\"border-color:var(--awb-color3);\"><\/div><\/div><span class=\"awb-title-spacer\"><\/span><h2 class=\"fusion-title-heading title-heading-center fusion-responsive-typography-calculated\" style=\"margin:0;text-transform:none;--fontSize:42;line-height:var(--awb-typography1-line-height);\">Le projet<\/h2><span class=\"awb-title-spacer\"><\/span><div class=\"title-sep-container title-sep-container-right\"><div class=\"title-sep sep- sep-solid\" style=\"border-color:var(--awb-color3);\"><\/div><\/div><\/div><div class=\"fusion-text fusion-text-1 fusion-text-no-margin\" style=\"--awb-content-alignment:center;--awb-margin-right:15%;--awb-margin-bottom:0px;--awb-margin-left:15%;\"><p>Le projet \u00ab ECCEUKCH \u2013 L\u2019excellence de l\u2019ol\u00e9iculture europ\u00e9enne au Royaume-Uni et en Suisse \u00bb est un programme triennal d\u2019information et de promotion consacr\u00e9 \u00e0 l\u2019huile d\u2019olive vierge extra europ\u00e9enne de qualit\u00e9. Il est promu et mis en \u0153uvre par le Collegio Toscano degli Olivicoltori OL.MA. S.a.c. (OP OLMA), OP Latium et l\u2019EAC, Association of Exporters of Crete, avec le cofinancement de l\u2019Union europ\u00e9enne dans le cadre du R\u00e8glement (UE) n\u00b0 1144\/2014. 1144\/2014.<\/p>\n<p>L\u2019initiative vise \u00e0 renforcer la connaissance et la consommation d\u2019huile d\u2019olive vierge extra europ\u00e9enne certifi\u00e9e AOP et IGP au Royaume-Uni et en Suisse, deux march\u00e9s cl\u00e9s pour la comp\u00e9titivit\u00e9 du secteur. Cela est particuli\u00e8rement important au Royaume-Uni, o\u00f9 le Brexit a entra\u00een\u00e9 une diminution des importations de produits alimentaires traditionnellement m\u00e9diterran\u00e9ens.<\/p>\n<p>Le programme a pour objectif de sensibiliser les consommateurs aux valeurs nutritionnelles, sanitaires et organoleptiques de l\u2019huile d\u2019olive vierge extra europ\u00e9enne, en promouvant son image de produit s\u00fbr, tra\u00e7able et durable, symbole d\u2019une alimentation saine et du mode de vie m\u00e9diterran\u00e9en. Parall\u00e8lement, il met en valeur les Appellations d\u2019Origine Prot\u00e9g\u00e9e (AOP) et les Indications G\u00e9ographiques Prot\u00e9g\u00e9es (IGP) comme garanties d\u2019authenticit\u00e9 et de lien avec les territoires de production, afin d\u2019accro\u00eetre les parts de march\u00e9 dans les zones ayant rencontr\u00e9 des difficult\u00e9s, comme le Royaume-Uni post-Brexit.<\/p>\n<p>Pour atteindre ses objectifs, ECCEUKCH adopte une approche int\u00e9gr\u00e9e de communication et d\u2019engagement : d\u2019une part, une strat\u00e9gie num\u00e9rique centr\u00e9e sur Internet, utilisant le web, les r\u00e9seaux sociaux, la publicit\u00e9 display dans des syst\u00e8mes contextuels et de remarketing, des outils aujourd\u2019hui largement r\u00e9pandus ; d\u2019autre part, une approche directe aupr\u00e8s des leaders d\u2019opinion, d\u00e9cideurs, professionnels de la communication, acteurs de la distribution et du secteur HoReCa.<\/p>\n<p>En parall\u00e8le, le projet propose des exp\u00e9riences en direct, telles que des d\u00e9gustations guid\u00e9es dans les restaurants et points de vente, des \u00e9v\u00e9nements et formations, destin\u00e9s \u00e0 la fois aux consommateurs, curieux de d\u00e9couvrir le go\u00fbt et les bienfaits de l\u2019huile d\u2019olive vierge extra europ\u00e9enne, et aux professionnels du secteur, des restaurateurs aux distributeurs, jusqu\u2019aux \u00e9coles h\u00f4teli\u00e8res. Ainsi, ECCEUKCH souhaite rapprocher un nombre croissant de personnes de la richesse des saveurs, des terroirs et des valeurs qui rendent l\u2019huile d\u2019olive europ\u00e9enne unique.<\/p>\n<p>ECCEUKCH s\u2019inscrit dans le cadre des politiques europ\u00e9ennes Farm to Fork et Green Deal, en promouvant une meilleure sensibilisation \u00e0 la valeur d\u2019une alimentation saine, l\u2019acc\u00e8s \u00e0 un mode de vie \u00e9quilibr\u00e9 et une approche holistique int\u00e9grant alimentation, sant\u00e9, bien-\u00eatre et tradition m\u00e9diterran\u00e9enne.<\/p>\n<\/div><\/div><\/div><\/div><\/div><\/p>\n","protected":false},"excerpt":{"rendered":"","protected":false},"author":1,"featured_media":0,"parent":0,"menu_order":0,"comment_status":"closed","ping_status":"closed","template":"100-width.php","meta":{"footnotes":""},"class_list":["post-8550","page","type-page","status-publish","hentry"],"_links":{"self":[{"href":"https:\/\/ecceukch.eu\/fr\/wp-json\/wp\/v2\/pages\/8550","targetHints":{"allow":["GET"]}}],"collection":[{"href":"https:\/\/ecceukch.eu\/fr\/wp-json\/wp\/v2\/pages"}],"about":[{"href":"https:\/\/ecceukch.eu\/fr\/wp-json\/wp\/v2\/types\/page"}],"author":[{"embeddable":true,"href":"https:\/\/ecceukch.eu\/fr\/wp-json\/wp\/v2\/users\/1"}],"replies":[{"embeddable":true,"href":"https:\/\/ecceukch.eu\/fr\/wp-json\/wp\/v2\/comments?post=8550"}],"version-history":[{"count":6,"href":"https:\/\/ecceukch.eu\/fr\/wp-json\/wp\/v2\/pages\/8550\/revisions"}],"predecessor-version":[{"id":8584,"href":"https:\/\/ecceukch.eu\/fr\/wp-json\/wp\/v2\/pages\/8550\/revisions\/8584"}],"wp:attachment":[{"href":"https:\/\/ecceukch.eu\/fr\/wp-json\/wp\/v2\/media?parent=8550"}],"curies":[{"name":"wp","href":"https:\/\/api.w.org\/{rel}","templated":true}]}}