{"id":8003,"date":"2025-08-28T14:43:35","date_gmt":"2025-08-28T14:43:35","guid":{"rendered":"https:\/\/ecceukch.eu\/lhuile-dolive-extra-vierge-europeenne-aop-et-igp\/"},"modified":"2025-09-26T13:41:34","modified_gmt":"2025-09-26T13:41:34","slug":"lhuile-dolive-extra-vierge-europeenne-aop-et-igp","status":"publish","type":"page","link":"https:\/\/ecceukch.eu\/fr\/lhuile-dolive-extra-vierge-europeenne-aop-et-igp\/","title":{"rendered":"L&rsquo;huile d&rsquo;olive extra vierge europ\u00e9enne AOP et IGP"},"content":{"rendered":"<p><div class=\"fusion-fullwidth fullwidth-box fusion-builder-row-1 fusion-flex-container nonhundred-percent-fullwidth non-hundred-percent-height-scrolling fusion-animated\" style=\"--awb-border-radius-top-left:0px;--awb-border-radius-top-right:0px;--awb-border-radius-bottom-right:0px;--awb-border-radius-bottom-left:0px;--awb-padding-bottom:0px;--awb-margin-bottom:0px;--awb-margin-bottom-medium:80px;--awb-margin-bottom-small:60px;--awb-flex-wrap:wrap;\" data-animationType=\"fadeInUp\" data-animationDuration=\"1.3\" data-animationOffset=\"top-into-view\" ><div class=\"fusion-builder-row fusion-row fusion-flex-align-items-center fusion-flex-justify-content-center fusion-flex-content-wrap\" style=\"max-width:1216.8px;margin-left: calc(-4% \/ 2 );margin-right: calc(-4% \/ 2 );\"><div class=\"fusion-layout-column fusion_builder_column fusion-builder-column-0 fusion_builder_column_1_1 1_1 fusion-flex-column fusion-animated\" style=\"--awb-bg-size:cover;--awb-width-large:100%;--awb-margin-top-large:0px;--awb-spacing-right-large:1.92%;--awb-margin-bottom-large:0px;--awb-spacing-left-large:1.92%;--awb-width-medium:100%;--awb-order-medium:0;--awb-spacing-right-medium:1.92%;--awb-spacing-left-medium:1.92%;--awb-width-small:100%;--awb-order-small:0;--awb-spacing-right-small:1.92%;--awb-margin-bottom-small:50px;--awb-spacing-left-small:1.92%;\" data-animationType=\"fadeIn\" data-animationDuration=\"0.3\" data-animationOffset=\"top-into-view\"><div class=\"fusion-column-wrapper fusion-column-has-shadow fusion-flex-justify-content-flex-start fusion-content-layout-column\"><div class=\"fusion-image-element \" style=\"--awb-caption-title-font-family:var(--h2_typography-font-family);--awb-caption-title-font-weight:var(--h2_typography-font-weight);--awb-caption-title-font-style:var(--h2_typography-font-style);--awb-caption-title-size:var(--h2_typography-font-size);--awb-caption-title-transform:var(--h2_typography-text-transform);--awb-caption-title-line-height:var(--h2_typography-line-height);--awb-caption-title-letter-spacing:var(--h2_typography-letter-spacing);\"><span class=\" fusion-imageframe imageframe-none imageframe-1 hover-type-zoomin fusion-animated\" data-animationType=\"fadeInDown\" data-animationDuration=\"0.2\" data-animationDelay=\"0.3\" data-animationOffset=\"top-into-view\"><img decoding=\"async\" width=\"1200\" height=\"461\" title=\"bottiglie-dop-igp-def-allargato\" src=\"https:\/\/ecceukch.eu\/wp-content\/uploads\/2025\/09\/bottiglie-dop-igp-def-allargato.jpg\" data-orig-src=\"https:\/\/ecceukch.eu\/wp-content\/uploads\/2025\/09\/bottiglie-dop-igp-def-allargato-1200x461.jpg\" alt class=\"lazyload img-responsive wp-image-7856\" srcset=\"data:image\/svg+xml,%3Csvg%20xmlns%3D%27http%3A%2F%2Fwww.w3.org%2F2000%2Fsvg%27%20width%3D%272560%27%20height%3D%27983%27%20viewBox%3D%270%200%202560%20983%27%3E%3Crect%20width%3D%272560%27%20height%3D%27983%27%20fill-opacity%3D%220%22%2F%3E%3C%2Fsvg%3E\" data-srcset=\"https:\/\/ecceukch.eu\/wp-content\/uploads\/2025\/09\/bottiglie-dop-igp-def-allargato-200x77.jpg 200w, https:\/\/ecceukch.eu\/wp-content\/uploads\/2025\/09\/bottiglie-dop-igp-def-allargato-400x154.jpg 400w, https:\/\/ecceukch.eu\/wp-content\/uploads\/2025\/09\/bottiglie-dop-igp-def-allargato-600x230.jpg 600w, https:\/\/ecceukch.eu\/wp-content\/uploads\/2025\/09\/bottiglie-dop-igp-def-allargato-800x307.jpg 800w, https:\/\/ecceukch.eu\/wp-content\/uploads\/2025\/09\/bottiglie-dop-igp-def-allargato-1200x461.jpg 1200w\" data-sizes=\"auto\" data-orig-sizes=\"(max-width: 1024px) 100vw, (max-width: 640px) 100vw, 1200px\" \/><\/span><\/div><\/div><\/div><\/div><\/div><div class=\"fusion-fullwidth fullwidth-box fusion-builder-row-2 fusion-flex-container nonhundred-percent-fullwidth non-hundred-percent-height-scrolling fusion-animated\" style=\"--awb-border-radius-top-left:0px;--awb-border-radius-top-right:0px;--awb-border-radius-bottom-right:0px;--awb-border-radius-bottom-left:0px;--awb-margin-bottom:120px;--awb-margin-bottom-medium:80px;--awb-margin-bottom-small:60px;--awb-flex-wrap:wrap;\" data-animationType=\"fadeInUp\" data-animationDuration=\"1.3\" data-animationOffset=\"top-into-view\" ><div class=\"fusion-builder-row fusion-row fusion-flex-align-items-center fusion-flex-justify-content-center fusion-flex-content-wrap\" style=\"max-width:1216.8px;margin-left: calc(-4% \/ 2 );margin-right: calc(-4% \/ 2 );\"><div class=\"fusion-layout-column fusion_builder_column fusion-builder-column-1 fusion_builder_column_1_1 1_1 fusion-flex-column fusion-animated\" style=\"--awb-bg-size:cover;--awb-width-large:100%;--awb-margin-top-large:23px;--awb-spacing-right-large:1.92%;--awb-margin-bottom-large:70px;--awb-spacing-left-large:1.92%;--awb-width-medium:100%;--awb-order-medium:0;--awb-spacing-right-medium:1.92%;--awb-spacing-left-medium:1.92%;--awb-width-small:100%;--awb-order-small:0;--awb-spacing-right-small:1.92%;--awb-margin-bottom-small:50px;--awb-spacing-left-small:1.92%;\" data-animationType=\"fadeIn\" data-animationDuration=\"0.3\" data-animationOffset=\"top-into-view\"><div class=\"fusion-column-wrapper fusion-column-has-shadow fusion-flex-justify-content-flex-start fusion-content-layout-column\"><div class=\"fusion-title title fusion-title-1 fusion-title-center fusion-title-text fusion-title-size-two\" style=\"--awb-margin-top-small:0px;--awb-margin-bottom-small:20px;\"><div class=\"title-sep-container title-sep-container-left\"><div class=\"title-sep sep- sep-solid\" style=\"border-color:var(--awb-color3);\"><\/div><\/div><span class=\"awb-title-spacer\"><\/span><h2 class=\"fusion-title-heading title-heading-center fusion-responsive-typography-calculated\" style=\"margin:0;text-transform:none;--fontSize:42;line-height:var(--awb-typography1-line-height);\">Pourquoi choisir l&rsquo;huile d&rsquo;olive extra vierge europ\u00e9enne AOP et IGP ?<\/h2><span class=\"awb-title-spacer\"><\/span><div class=\"title-sep-container title-sep-container-right\"><div class=\"title-sep sep- sep-solid\" style=\"border-color:var(--awb-color3);\"><\/div><\/div><\/div><div class=\"fusion-text fusion-text-1 fusion-text-no-margin\" style=\"--awb-content-alignment:center;--awb-margin-right:15%;--awb-margin-bottom:0px;--awb-margin-left:15%;\"><p data-start=\"233\" data-end=\"582\">Choisir une huile d&rsquo;olive extra vierge europ\u00e9enne certifi\u00e9e <strong data-start=\"292\" data-end=\"299\">AOP<\/strong> ou <strong data-start=\"302\" data-end=\"309\">IGP<\/strong> signifie faire un choix de go\u00fbt, mais aussi de culture et de responsabilit\u00e9. Il ne s&rsquo;agit pas seulement d&rsquo;un condiment pr\u00e9cieux, mais d&rsquo;un produit qui porte avec lui une histoire mill\u00e9naire, un lien profond avec le territoire et la garantie de standards qualitatifs tr\u00e8s \u00e9lev\u00e9s. <\/p>\n<p data-start=\"584\" data-end=\"967\">En Europe, l&rsquo;huile d&rsquo;olive extra vierge est bien plus qu&rsquo;un aliment : elle fait partie int\u00e9grante d&rsquo;un patrimoine gastronomique que le monde entier nous envie. Pour prot\u00e9ger son authenticit\u00e9, l&rsquo;Union europ\u00e9enne a introduit des r\u00e8gles strictes et des syst\u00e8mes de certification qui veillent sur chaque \u00e9tape de la fili\u00e8re, de la culture de l&rsquo;olivier au pressage des olives, jusqu&rsquo;\u00e0 la mise en bouteille. <\/p>\n<p data-start=\"969\" data-end=\"1793\">Une huile <strong data-start=\"977\" data-end=\"1020\">AOP (Appellation d&rsquo;Origine Prot\u00e9g\u00e9e)<\/strong> garantit que toutes les phases productives \u2013 culture, r\u00e9colte et transformation \u2013 se d\u00e9roulent dans une zone g\u00e9ographique d\u00e9termin\u00e9e. Elle est le reflet le plus fid\u00e8le d&rsquo;un territoire, avec ses microclimats, ses sols et ses traditions, qui conf\u00e8rent au produit un caract\u00e8re inimitable.<br data-start=\"1304\" data-end=\"1307\">Une huile <strong data-start=\"1315\" data-end=\"1356\">IGP (Indication G\u00e9ographique Prot\u00e9g\u00e9e)<\/strong> assure quant \u00e0 elle qu&rsquo;au moins une phase de la production se d\u00e9roule dans la zone indiqu\u00e9e, permettant une plus grande flexibilit\u00e9, mais toujours dans le respect des r\u00e8gles europ\u00e9ennes de qualit\u00e9 et de tra\u00e7abilit\u00e9. <\/p>\n<p data-start=\"1795\" data-end=\"1882\">Choisir une huile europ\u00e9enne certifi\u00e9e signifie donc apporter \u00e0 table un produit :<\/p>\n<ul data-start=\"1883\" data-end=\"2257\">\n<li data-start=\"1883\" data-end=\"1988\">\n<p data-start=\"1885\" data-end=\"1988\"><strong data-start=\"1885\" data-end=\"1898\">authentique<\/strong>, car enracin\u00e9 dans une terre pr\u00e9cise et fruit de traditions transmises de g\u00e9n\u00e9ration en g\u00e9n\u00e9ration ;<\/p>\n<\/li>\n<li data-start=\"1989\" data-end=\"2063\">\n<p data-start=\"1991\" data-end=\"2063\"><strong data-start=\"1991\" data-end=\"2015\">s\u00fbr et tra\u00e7able<\/strong>, car chaque phase est surveill\u00e9e et contr\u00f4l\u00e9e ;<\/p>\n<\/li>\n<li data-start=\"2064\" data-end=\"2139\">\n<p data-start=\"2066\" data-end=\"2139\"><strong data-start=\"2066\" data-end=\"2081\">durable<\/strong>, car il respecte l&rsquo;environnement et favorise la biodiversit\u00e9 ;<\/p>\n<\/li>\n<li data-start=\"2140\" data-end=\"2257\">\n<p data-start=\"2142\" data-end=\"2257\"><strong data-start=\"2142\" data-end=\"2156\">excellent<\/strong>, car il exprime des ar\u00f4mes et des nuances sensorielles uniques, reconnus et valoris\u00e9s dans le monde entier.<\/p>\n<\/li>\n<\/ul>\n<p data-start=\"2259\" data-end=\"2552\">Lorsque vous ouvrez une bouteille d&rsquo;huile d&rsquo;olive extra vierge AOP et IGP, vous ne choisissez pas un produit quelconque, mais une v\u00e9ritable promesse de qualit\u00e9 : le r\u00e9sultat d&rsquo;une culture qui unit nature, histoire et savoir-faire, et qui continue \u00e0 se renouveler jour apr\u00e8s jour pour offrir seulement le meilleur.<\/p>\n<\/div><div class=\"fusion-separator fusion-no-small-visibility fusion-full-width-sep\" style=\"align-self: center;margin-left: auto;margin-right: auto;margin-top:70px;margin-bottom:0px;width:100%;\"><div class=\"fusion-separator-border sep-single sep-solid\" style=\"--awb-height:20px;--awb-amount:20px;border-color:var(--awb-color2);border-top-width:2px;\"><\/div><\/div><\/div><\/div><div class=\"fusion-layout-column fusion_builder_column fusion-builder-column-2 fusion_builder_column_1_2 1_2 fusion-flex-column\" style=\"--awb-padding-right-medium:0px;--awb-padding-left-medium:0px;--awb-bg-size:cover;--awb-width-large:50%;--awb-margin-top-large:0px;--awb-spacing-right-large:110px;--awb-margin-bottom-large:0px;--awb-spacing-left-large:3.84%;--awb-width-medium:60%;--awb-order-medium:0;--awb-spacing-right-medium:110px;--awb-spacing-left-medium:3.2%;--awb-width-small:100%;--awb-order-small:1;--awb-spacing-right-small:1.92%;--awb-margin-bottom-small:0px;--awb-spacing-left-small:1.92%;\"><div class=\"fusion-column-wrapper fusion-column-has-shadow fusion-flex-justify-content-center fusion-content-layout-column\"><i class=\"fb-icon-element-1 fb-icon-element fontawesome-icon fa-pagelines fab circle-yes\" style=\"--awb-circlecolor-hover:var(--awb-color4);--awb-circlebordercolor:var(--awb-color6);--awb-circlebordercolor-hover:var(--awb-color4);--awb-circlebordersize:0px;--awb-font-size:39px;--awb-width:101px;--awb-height:101px;--awb-line-height:101px;--awb-align-self:center;--awb-margin-top:0px;--awb-margin-right:0px;--awb-margin-bottom:40px;--awb-margin-left:0px;\"><\/i><div class=\"fusion-title title fusion-title-2 fusion-title-center fusion-title-text fusion-title-size-two\" style=\"--awb-margin-top:10px;--awb-margin-right:0px;--awb-margin-bottom:40px;--awb-margin-left:0px;--awb-margin-top-small:10px;--awb-margin-right-small:0px;--awb-margin-bottom-small:50px;--awb-margin-left-small:0px;\"><div class=\"title-sep-container title-sep-container-left\"><div class=\"title-sep sep- sep-solid\" style=\"border-color:var(--awb-color3);\"><\/div><\/div><span class=\"awb-title-spacer\"><\/span><h2 class=\"fusion-title-heading title-heading-center fusion-responsive-typography-calculated\" style=\"margin:0;text-transform:none;--fontSize:42;line-height:var(--awb-typography1-line-height);\">Le saviez-vous&#8230;<\/h2><span class=\"awb-title-spacer\"><\/span><div class=\"title-sep-container title-sep-container-right\"><div class=\"title-sep sep- sep-solid\" style=\"border-color:var(--awb-color3);\"><\/div><\/div><\/div><div class=\"fusion-text fusion-text-2 fusion-text-no-margin\" style=\"--awb-content-alignment:center;--awb-margin-right:10%;--awb-margin-bottom:0px;--awb-margin-left:10%;\"><p>Les racines de l&rsquo;olivier peuvent s&rsquo;enfoncer jusqu&rsquo;\u00e0 <strong data-start=\"767\" data-end=\"792\">6 m\u00e8tres de profondeur<\/strong>, \u00e0 la recherche d&rsquo;eau et de min\u00e9raux pr\u00e9cieux ? C&rsquo;est cette force cach\u00e9e qui permet aux oliviers de survivre \u00e0 des si\u00e8cles d&rsquo;\u00e9t\u00e9s m\u00e9diterran\u00e9ens.<\/p>\n<\/div><\/div><\/div><div class=\"fusion-layout-column fusion_builder_column fusion-builder-column-3 fusion_builder_column_1_2 1_2 fusion-flex-column\" style=\"--awb-bg-size:cover;--awb-width-large:50%;--awb-margin-top-large:0px;--awb-spacing-right-large:3.84%;--awb-margin-bottom-large:0px;--awb-spacing-left-large:3.84%;--awb-width-medium:40%;--awb-order-medium:0;--awb-spacing-right-medium:4.8%;--awb-spacing-left-medium:4.8%;--awb-width-small:100%;--awb-order-small:0;--awb-spacing-right-small:1.92%;--awb-margin-bottom-small:60px;--awb-spacing-left-small:1.92%;\"><div class=\"fusion-column-wrapper fusion-column-has-shadow fusion-flex-justify-content-flex-start fusion-content-layout-column\"><div class=\"fusion-image-element \" style=\"--awb-caption-title-font-family:var(--h2_typography-font-family);--awb-caption-title-font-weight:var(--h2_typography-font-weight);--awb-caption-title-font-style:var(--h2_typography-font-style);--awb-caption-title-size:var(--h2_typography-font-size);--awb-caption-title-transform:var(--h2_typography-text-transform);--awb-caption-title-line-height:var(--h2_typography-line-height);--awb-caption-title-letter-spacing:var(--h2_typography-letter-spacing);\"><span class=\" fusion-imageframe imageframe-none imageframe-2 hover-type-none\"><img decoding=\"async\" width=\"900\" height=\"950\" title=\"lo-sapevi-che-4\" src=\"https:\/\/ecceukch.eu\/wp-content\/uploads\/2025\/08\/lo-sapevi-che-4.jpg\" data-orig-src=\"https:\/\/ecceukch.eu\/wp-content\/uploads\/2025\/08\/lo-sapevi-che-4.jpg\" alt class=\"lazyload img-responsive wp-image-7839\" srcset=\"data:image\/svg+xml,%3Csvg%20xmlns%3D%27http%3A%2F%2Fwww.w3.org%2F2000%2Fsvg%27%20width%3D%27900%27%20height%3D%27950%27%20viewBox%3D%270%200%20900%20950%27%3E%3Crect%20width%3D%27900%27%20height%3D%27950%27%20fill-opacity%3D%220%22%2F%3E%3C%2Fsvg%3E\" data-srcset=\"https:\/\/ecceukch.eu\/wp-content\/uploads\/2025\/08\/lo-sapevi-che-4-200x211.jpg 200w, https:\/\/ecceukch.eu\/wp-content\/uploads\/2025\/08\/lo-sapevi-che-4-400x422.jpg 400w, https:\/\/ecceukch.eu\/wp-content\/uploads\/2025\/08\/lo-sapevi-che-4-600x633.jpg 600w, https:\/\/ecceukch.eu\/wp-content\/uploads\/2025\/08\/lo-sapevi-che-4-800x844.jpg 800w, https:\/\/ecceukch.eu\/wp-content\/uploads\/2025\/08\/lo-sapevi-che-4.jpg 900w\" data-sizes=\"auto\" data-orig-sizes=\"(max-width: 1024px) 100vw, (max-width: 640px) 100vw, 600px\" \/><\/span><\/div><\/div><\/div><\/div><\/div><\/p>\n","protected":false},"excerpt":{"rendered":"","protected":false},"author":1,"featured_media":7615,"parent":0,"menu_order":0,"comment_status":"closed","ping_status":"closed","template":"100-width.php","meta":{"footnotes":""},"class_list":["post-8003","page","type-page","status-publish","has-post-thumbnail","hentry"],"_links":{"self":[{"href":"https:\/\/ecceukch.eu\/fr\/wp-json\/wp\/v2\/pages\/8003","targetHints":{"allow":["GET"]}}],"collection":[{"href":"https:\/\/ecceukch.eu\/fr\/wp-json\/wp\/v2\/pages"}],"about":[{"href":"https:\/\/ecceukch.eu\/fr\/wp-json\/wp\/v2\/types\/page"}],"author":[{"embeddable":true,"href":"https:\/\/ecceukch.eu\/fr\/wp-json\/wp\/v2\/users\/1"}],"replies":[{"embeddable":true,"href":"https:\/\/ecceukch.eu\/fr\/wp-json\/wp\/v2\/comments?post=8003"}],"version-history":[{"count":1,"href":"https:\/\/ecceukch.eu\/fr\/wp-json\/wp\/v2\/pages\/8003\/revisions"}],"predecessor-version":[{"id":8008,"href":"https:\/\/ecceukch.eu\/fr\/wp-json\/wp\/v2\/pages\/8003\/revisions\/8008"}],"wp:featuredmedia":[{"embeddable":true,"href":"https:\/\/ecceukch.eu\/fr\/wp-json\/wp\/v2\/media\/7615"}],"wp:attachment":[{"href":"https:\/\/ecceukch.eu\/fr\/wp-json\/wp\/v2\/media?parent=8003"}],"curies":[{"name":"wp","href":"https:\/\/api.w.org\/{rel}","templated":true}]}}