{"id":7948,"date":"2025-08-28T10:46:30","date_gmt":"2025-08-28T10:46:30","guid":{"rendered":"https:\/\/ecceukch.eu\/lharmonie-de-la-nature\/"},"modified":"2025-09-26T13:40:42","modified_gmt":"2025-09-26T13:40:42","slug":"lharmonie-de-la-nature","status":"publish","type":"page","link":"https:\/\/ecceukch.eu\/fr\/lharmonie-de-la-nature\/","title":{"rendered":"L&rsquo;harmonie de la nature"},"content":{"rendered":"<p><div class=\"fusion-fullwidth fullwidth-box fusion-builder-row-1 fusion-flex-container nonhundred-percent-fullwidth non-hundred-percent-height-scrolling fusion-animated\" style=\"--awb-border-radius-top-left:0px;--awb-border-radius-top-right:0px;--awb-border-radius-bottom-right:0px;--awb-border-radius-bottom-left:0px;--awb-padding-bottom:0px;--awb-margin-bottom:0px;--awb-margin-bottom-medium:80px;--awb-margin-bottom-small:60px;--awb-flex-wrap:wrap;\" data-animationType=\"fadeInUp\" data-animationDuration=\"1.3\" data-animationOffset=\"top-into-view\" ><div class=\"fusion-builder-row fusion-row fusion-flex-align-items-center fusion-flex-justify-content-center fusion-flex-content-wrap\" style=\"max-width:1216.8px;margin-left: calc(-4% \/ 2 );margin-right: calc(-4% \/ 2 );\"><div class=\"fusion-layout-column fusion_builder_column fusion-builder-column-0 fusion_builder_column_1_1 1_1 fusion-flex-column fusion-animated\" style=\"--awb-bg-size:cover;--awb-width-large:100%;--awb-margin-top-large:0px;--awb-spacing-right-large:1.92%;--awb-margin-bottom-large:0px;--awb-spacing-left-large:1.92%;--awb-width-medium:100%;--awb-order-medium:0;--awb-spacing-right-medium:1.92%;--awb-spacing-left-medium:1.92%;--awb-width-small:100%;--awb-order-small:0;--awb-spacing-right-small:1.92%;--awb-margin-bottom-small:50px;--awb-spacing-left-small:1.92%;\" data-animationType=\"fadeIn\" data-animationDuration=\"0.3\" data-animationOffset=\"top-into-view\"><div class=\"fusion-column-wrapper fusion-column-has-shadow fusion-flex-justify-content-flex-start fusion-content-layout-column\"><div class=\"fusion-image-element \" style=\"--awb-caption-title-font-family:var(--h2_typography-font-family);--awb-caption-title-font-weight:var(--h2_typography-font-weight);--awb-caption-title-font-style:var(--h2_typography-font-style);--awb-caption-title-size:var(--h2_typography-font-size);--awb-caption-title-transform:var(--h2_typography-text-transform);--awb-caption-title-line-height:var(--h2_typography-line-height);--awb-caption-title-letter-spacing:var(--h2_typography-letter-spacing);\"><span class=\" fusion-imageframe imageframe-none imageframe-1 hover-type-zoomin fusion-animated\" data-animationType=\"fadeInDown\" data-animationDuration=\"0.2\" data-animationDelay=\"0.3\" data-animationOffset=\"top-into-view\"><img decoding=\"async\" width=\"2560\" height=\"983\" title=\"ragazza-sta-in-mezzo-a-degli-bellissimi-alberi-di-olivo-sorride_def\" src=\"https:\/\/ecceukch.eu\/wp-content\/uploads\/2025\/08\/ragazza-sta-in-mezzo-a-degli-bellissimi-alberi-di-olivo-sorride_def-scaled.jpg\" data-orig-src=\"https:\/\/ecceukch.eu\/wp-content\/uploads\/2025\/08\/ragazza-sta-in-mezzo-a-degli-bellissimi-alberi-di-olivo-sorride_def-scaled.jpg\" alt class=\"lazyload img-responsive wp-image-7769\" srcset=\"data:image\/svg+xml,%3Csvg%20xmlns%3D%27http%3A%2F%2Fwww.w3.org%2F2000%2Fsvg%27%20width%3D%272560%27%20height%3D%27983%27%20viewBox%3D%270%200%202560%20983%27%3E%3Crect%20width%3D%272560%27%20height%3D%27983%27%20fill-opacity%3D%220%22%2F%3E%3C%2Fsvg%3E\" data-srcset=\"https:\/\/ecceukch.eu\/wp-content\/uploads\/2025\/08\/ragazza-sta-in-mezzo-a-degli-bellissimi-alberi-di-olivo-sorride_def-200x77.jpg 200w, https:\/\/ecceukch.eu\/wp-content\/uploads\/2025\/08\/ragazza-sta-in-mezzo-a-degli-bellissimi-alberi-di-olivo-sorride_def-400x154.jpg 400w, https:\/\/ecceukch.eu\/wp-content\/uploads\/2025\/08\/ragazza-sta-in-mezzo-a-degli-bellissimi-alberi-di-olivo-sorride_def-600x230.jpg 600w, https:\/\/ecceukch.eu\/wp-content\/uploads\/2025\/08\/ragazza-sta-in-mezzo-a-degli-bellissimi-alberi-di-olivo-sorride_def-800x307.jpg 800w, https:\/\/ecceukch.eu\/wp-content\/uploads\/2025\/08\/ragazza-sta-in-mezzo-a-degli-bellissimi-alberi-di-olivo-sorride_def-1200x461.jpg 1200w, https:\/\/ecceukch.eu\/wp-content\/uploads\/2025\/08\/ragazza-sta-in-mezzo-a-degli-bellissimi-alberi-di-olivo-sorride_def-scaled.jpg 2560w\" data-sizes=\"auto\" data-orig-sizes=\"(max-width: 1024px) 100vw, (max-width: 640px) 100vw, 1200px\" \/><\/span><\/div><\/div><\/div><\/div><\/div><div class=\"fusion-fullwidth fullwidth-box fusion-builder-row-2 fusion-flex-container nonhundred-percent-fullwidth non-hundred-percent-height-scrolling fusion-animated\" style=\"--awb-border-radius-top-left:0px;--awb-border-radius-top-right:0px;--awb-border-radius-bottom-right:0px;--awb-border-radius-bottom-left:0px;--awb-margin-bottom:120px;--awb-margin-bottom-medium:80px;--awb-margin-bottom-small:60px;--awb-flex-wrap:wrap;\" data-animationType=\"fadeInUp\" data-animationDuration=\"1.3\" data-animationOffset=\"top-into-view\" ><div class=\"fusion-builder-row fusion-row fusion-flex-align-items-center fusion-flex-justify-content-center fusion-flex-content-wrap\" style=\"max-width:1216.8px;margin-left: calc(-4% \/ 2 );margin-right: calc(-4% \/ 2 );\"><div class=\"fusion-layout-column fusion_builder_column fusion-builder-column-1 fusion_builder_column_1_1 1_1 fusion-flex-column fusion-animated\" style=\"--awb-bg-size:cover;--awb-width-large:100%;--awb-margin-top-large:23px;--awb-spacing-right-large:1.92%;--awb-margin-bottom-large:70px;--awb-spacing-left-large:1.92%;--awb-width-medium:100%;--awb-order-medium:0;--awb-spacing-right-medium:1.92%;--awb-spacing-left-medium:1.92%;--awb-width-small:100%;--awb-order-small:0;--awb-spacing-right-small:1.92%;--awb-margin-bottom-small:50px;--awb-spacing-left-small:1.92%;\" data-animationType=\"fadeIn\" data-animationDuration=\"0.3\" data-animationOffset=\"top-into-view\"><div class=\"fusion-column-wrapper fusion-column-has-shadow fusion-flex-justify-content-flex-start fusion-content-layout-column\"><div class=\"fusion-title title fusion-title-1 fusion-title-center fusion-title-text fusion-title-size-two\" style=\"--awb-margin-top-small:0px;--awb-margin-bottom-small:20px;\"><div class=\"title-sep-container title-sep-container-left\"><div class=\"title-sep sep- sep-solid\" style=\"border-color:var(--awb-color3);\"><\/div><\/div><span class=\"awb-title-spacer\"><\/span><h2 class=\"fusion-title-heading title-heading-center fusion-responsive-typography-calculated\" style=\"margin:0;text-transform:none;--fontSize:42;line-height:var(--awb-typography1-line-height);\">Un cadeau pr\u00e9cieux chaque jour<\/h2><span class=\"awb-title-spacer\"><\/span><div class=\"title-sep-container title-sep-container-right\"><div class=\"title-sep sep- sep-solid\" style=\"border-color:var(--awb-color3);\"><\/div><\/div><\/div><div class=\"fusion-text fusion-text-1 fusion-text-no-margin\" style=\"--awb-content-alignment:center;--awb-margin-right:15%;--awb-margin-bottom:0px;--awb-margin-left:15%;\"><p data-start=\"292\" data-end=\"628\">Le secret de l&rsquo;huile d&rsquo;olive extra vierge ne r\u00e9side pas seulement dans son go\u00fbt, mais surtout dans les bienfaits qu&rsquo;elle offre au corps et \u00e0 l&rsquo;esprit (*). C&rsquo;est un aliment qui na\u00eet d&rsquo;un \u00e9quilibre parfait entre nature et science : riche en antioxydants, vitamines et bonnes graisses, elle est depuis toujours consid\u00e9r\u00e9e comme un alli\u00e9 pr\u00e9cieux pour le bien-\u00eatre quotidien. <\/p>\n<p data-start=\"630\" data-end=\"987\">Chaque cuiller\u00e9e renferme l&rsquo;\u00e9nergie du soleil, l&rsquo;harmonie des paysages m\u00e9diterran\u00e9ens et le soin m\u00e9ticuleux avec lequel elle est produite. Il ne s&rsquo;agit pas seulement de nutrition, mais d&rsquo;un geste d&rsquo;attention envers soi-m\u00eame et envers ceux que nous aimons : apporter de l&rsquo;huile extra vierge \u00e0 table signifie choisir un mode de vie plus sain, plus conscient, plus proche des rythmes naturels. <\/p>\n<p data-start=\"989\" data-end=\"1316\">Ce lien profond avec la nature fait de l&rsquo;huile extra vierge un symbole universel d&rsquo;\u00e9quilibre. Ce n&rsquo;est pas un hasard si elle est depuis des si\u00e8cles au c\u0153ur du r\u00e9gime m\u00e9diterran\u00e9en, reconnu par l&rsquo;UNESCO comme patrimoine immat\u00e9riel de l&rsquo;humanit\u00e9 : une tradition qui a transform\u00e9 la simplicit\u00e9 en long\u00e9vit\u00e9, le naturel en bien-\u00eatre. <\/p>\n<\/div><div class=\"fusion-text fusion-text-2 fusion-text-no-margin\" style=\"--awb-content-alignment:center;--awb-font-size:15px;--awb-text-transform:none;--awb-margin-top:20px;--awb-margin-right:15%;--awb-margin-bottom:0px;--awb-margin-left:15%;--awb-text-font-family:&quot;Montserrat&quot;;--awb-text-font-style:italic;--awb-text-font-weight:200;\"><p style=\"text-align: left;\" data-start=\"292\" data-end=\"628\">(*) All\u00e9gations autoris\u00e9es par l&rsquo;EFSA &#8211; Autorit\u00e9 Europ\u00e9enne de S\u00e9curit\u00e9 des Aliments (R\u00e9f\u00e9rence Efsa Journal n. 2011;9(4):2033 &#8211; n. 2012;10(8):2848 &#8211; n. 2021;19(7):6670 &#8211; n. 2025;23:e9372 &#8211; n. 2025;23:e9470).     <\/p>\n<\/div><div class=\"fusion-separator fusion-no-small-visibility fusion-full-width-sep\" style=\"align-self: center;margin-left: auto;margin-right: auto;margin-top:70px;margin-bottom:0px;width:100%;\"><div class=\"fusion-separator-border sep-single sep-solid\" style=\"--awb-height:20px;--awb-amount:20px;border-color:var(--awb-color2);border-top-width:2px;\"><\/div><\/div><\/div><\/div><div class=\"fusion-layout-column fusion_builder_column fusion-builder-column-2 fusion_builder_column_1_2 1_2 fusion-flex-column\" style=\"--awb-padding-right-medium:0px;--awb-padding-left-medium:0px;--awb-bg-size:cover;--awb-width-large:50%;--awb-margin-top-large:0px;--awb-spacing-right-large:110px;--awb-margin-bottom-large:0px;--awb-spacing-left-large:3.84%;--awb-width-medium:60%;--awb-order-medium:0;--awb-spacing-right-medium:110px;--awb-spacing-left-medium:3.2%;--awb-width-small:100%;--awb-order-small:1;--awb-spacing-right-small:1.92%;--awb-margin-bottom-small:0px;--awb-spacing-left-small:1.92%;\"><div class=\"fusion-column-wrapper fusion-column-has-shadow fusion-flex-justify-content-center fusion-content-layout-column\"><i class=\"fb-icon-element-1 fb-icon-element fontawesome-icon fa-tint fas circle-yes\" style=\"--awb-circlecolor-hover:var(--awb-color4);--awb-circlebordercolor:var(--awb-color6);--awb-circlebordercolor-hover:var(--awb-color4);--awb-circlebordersize:0px;--awb-font-size:39px;--awb-width:101px;--awb-height:101px;--awb-line-height:101px;--awb-align-self:center;--awb-margin-top:0px;--awb-margin-right:0px;--awb-margin-bottom:40px;--awb-margin-left:0px;\"><\/i><div class=\"fusion-title title fusion-title-2 fusion-title-center fusion-title-text fusion-title-size-two\" style=\"--awb-margin-top:10px;--awb-margin-right:0px;--awb-margin-bottom:40px;--awb-margin-left:0px;--awb-margin-top-small:10px;--awb-margin-right-small:0px;--awb-margin-bottom-small:50px;--awb-margin-left-small:0px;\"><div class=\"title-sep-container title-sep-container-left\"><div class=\"title-sep sep- sep-solid\" style=\"border-color:var(--awb-color3);\"><\/div><\/div><span class=\"awb-title-spacer\"><\/span><h2 class=\"fusion-title-heading title-heading-center fusion-responsive-typography-calculated\" style=\"margin:0;text-transform:none;--fontSize:42;line-height:var(--awb-typography1-line-height);\">Le saviez-vous&#8230;<\/h2><span class=\"awb-title-spacer\"><\/span><div class=\"title-sep-container title-sep-container-right\"><div class=\"title-sep sep- sep-solid\" style=\"border-color:var(--awb-color3);\"><\/div><\/div><\/div><div class=\"fusion-text fusion-text-3 fusion-text-no-margin\" style=\"--awb-content-alignment:center;--awb-margin-right:10%;--awb-margin-bottom:0px;--awb-margin-left:10%;\"><p>L&rsquo;acidit\u00e9 d&rsquo;une huile ne se sent pas au go\u00fbt, mais se mesure uniquement en laboratoire. C&rsquo;est le pourcentage d&rsquo;acides gras libres pr\u00e9sents : plus il est \u00e9lev\u00e9, plus l&rsquo;huile est de mauvaise qualit\u00e9. Pour \u00eatre vraiment <em data-start=\"321\" data-end=\"335\">extra vierge<\/em>, l&rsquo;huile d&rsquo;olive doit avoir une acidit\u00e9 tr\u00e8s faible, toujours comprise entre <strong data-start=\"406\" data-end=\"418\">0 et 0,8 %<\/strong>.  <\/p>\n<\/div><\/div><\/div><div class=\"fusion-layout-column fusion_builder_column fusion-builder-column-3 fusion_builder_column_1_2 1_2 fusion-flex-column\" style=\"--awb-bg-size:cover;--awb-width-large:50%;--awb-margin-top-large:0px;--awb-spacing-right-large:3.84%;--awb-margin-bottom-large:0px;--awb-spacing-left-large:3.84%;--awb-width-medium:40%;--awb-order-medium:0;--awb-spacing-right-medium:4.8%;--awb-spacing-left-medium:4.8%;--awb-width-small:100%;--awb-order-small:0;--awb-spacing-right-small:1.92%;--awb-margin-bottom-small:60px;--awb-spacing-left-small:1.92%;\"><div class=\"fusion-column-wrapper fusion-column-has-shadow fusion-flex-justify-content-flex-start fusion-content-layout-column\"><div class=\"fusion-image-element \" style=\"--awb-caption-title-font-family:var(--h2_typography-font-family);--awb-caption-title-font-weight:var(--h2_typography-font-weight);--awb-caption-title-font-style:var(--h2_typography-font-style);--awb-caption-title-size:var(--h2_typography-font-size);--awb-caption-title-transform:var(--h2_typography-text-transform);--awb-caption-title-line-height:var(--h2_typography-line-height);--awb-caption-title-letter-spacing:var(--h2_typography-letter-spacing);\"><span class=\" fusion-imageframe imageframe-none imageframe-2 hover-type-none\"><img decoding=\"async\" width=\"900\" height=\"950\" title=\"lo-sapevi-che-2\" src=\"https:\/\/ecceukch.eu\/wp-content\/uploads\/2025\/08\/lo-sapevi-che-2.jpg\" data-orig-src=\"https:\/\/ecceukch.eu\/wp-content\/uploads\/2025\/08\/lo-sapevi-che-2.jpg\" alt class=\"lazyload img-responsive wp-image-7762\" srcset=\"data:image\/svg+xml,%3Csvg%20xmlns%3D%27http%3A%2F%2Fwww.w3.org%2F2000%2Fsvg%27%20width%3D%27900%27%20height%3D%27950%27%20viewBox%3D%270%200%20900%20950%27%3E%3Crect%20width%3D%27900%27%20height%3D%27950%27%20fill-opacity%3D%220%22%2F%3E%3C%2Fsvg%3E\" data-srcset=\"https:\/\/ecceukch.eu\/wp-content\/uploads\/2025\/08\/lo-sapevi-che-2-200x211.jpg 200w, https:\/\/ecceukch.eu\/wp-content\/uploads\/2025\/08\/lo-sapevi-che-2-400x422.jpg 400w, https:\/\/ecceukch.eu\/wp-content\/uploads\/2025\/08\/lo-sapevi-che-2-600x633.jpg 600w, https:\/\/ecceukch.eu\/wp-content\/uploads\/2025\/08\/lo-sapevi-che-2-800x844.jpg 800w, https:\/\/ecceukch.eu\/wp-content\/uploads\/2025\/08\/lo-sapevi-che-2.jpg 900w\" data-sizes=\"auto\" data-orig-sizes=\"(max-width: 1024px) 100vw, (max-width: 640px) 100vw, 600px\" \/><\/span><\/div><\/div><\/div><\/div><\/div><\/p>\n","protected":false},"excerpt":{"rendered":"","protected":false},"author":1,"featured_media":0,"parent":0,"menu_order":0,"comment_status":"closed","ping_status":"closed","template":"100-width.php","meta":{"footnotes":""},"class_list":["post-7948","page","type-page","status-publish","hentry"],"_links":{"self":[{"href":"https:\/\/ecceukch.eu\/fr\/wp-json\/wp\/v2\/pages\/7948","targetHints":{"allow":["GET"]}}],"collection":[{"href":"https:\/\/ecceukch.eu\/fr\/wp-json\/wp\/v2\/pages"}],"about":[{"href":"https:\/\/ecceukch.eu\/fr\/wp-json\/wp\/v2\/types\/page"}],"author":[{"embeddable":true,"href":"https:\/\/ecceukch.eu\/fr\/wp-json\/wp\/v2\/users\/1"}],"replies":[{"embeddable":true,"href":"https:\/\/ecceukch.eu\/fr\/wp-json\/wp\/v2\/comments?post=7948"}],"version-history":[{"count":4,"href":"https:\/\/ecceukch.eu\/fr\/wp-json\/wp\/v2\/pages\/7948\/revisions"}],"predecessor-version":[{"id":7954,"href":"https:\/\/ecceukch.eu\/fr\/wp-json\/wp\/v2\/pages\/7948\/revisions\/7954"}],"wp:attachment":[{"href":"https:\/\/ecceukch.eu\/fr\/wp-json\/wp\/v2\/media?parent=7948"}],"curies":[{"name":"wp","href":"https:\/\/api.w.org\/{rel}","templated":true}]}}