{"id":7887,"date":"2021-11-10T17:59:09","date_gmt":"2021-11-10T17:59:09","guid":{"rendered":"https:\/\/ecceukch.eu\/dernieres-actualites\/"},"modified":"2026-02-09T09:46:26","modified_gmt":"2026-02-09T09:46:26","slug":"dernieres-actualites","status":"publish","type":"page","link":"https:\/\/ecceukch.eu\/fr\/dernieres-actualites\/","title":{"rendered":"Derni\u00e8res actualit\u00e9s"},"content":{"rendered":"<div class=\"fusion-fullwidth fullwidth-box fusion-builder-row-1 fusion-flex-container has-pattern-background has-mask-background nonhundred-percent-fullwidth non-hundred-percent-height-scrolling\" style=\"--awb-border-radius-top-left:0px;--awb-border-radius-top-right:0px;--awb-border-radius-bottom-right:0px;--awb-border-radius-bottom-left:0px;--awb-margin-top:25px;--awb-flex-wrap:wrap;\" ><div class=\"fusion-builder-row fusion-row fusion-flex-align-items-flex-start fusion-flex-content-wrap\" style=\"max-width:1216.8px;margin-left: calc(-4% \/ 2 );margin-right: calc(-4% \/ 2 );\"><div class=\"fusion-layout-column fusion_builder_column fusion-builder-column-0 fusion_builder_column_1_1 1_1 fusion-flex-column\" style=\"--awb-bg-size:cover;--awb-width-large:100%;--awb-margin-top-large:0px;--awb-spacing-right-large:1.92%;--awb-margin-bottom-large:20px;--awb-spacing-left-large:1.92%;--awb-width-medium:100%;--awb-order-medium:0;--awb-spacing-right-medium:1.92%;--awb-spacing-left-medium:1.92%;--awb-width-small:100%;--awb-order-small:0;--awb-spacing-right-small:1.92%;--awb-spacing-left-small:1.92%;\"><div class=\"fusion-column-wrapper fusion-column-has-shadow fusion-flex-justify-content-flex-start fusion-content-layout-column\"><div class=\"fusion-post-cards fusion-post-cards-1 fusion-grid-archive fusion-grid-columns-4\" style=\"--awb-dots-align:center;--awb-active-filter-border-size:3px;--awb-filters-height:36px;\" data-post-type-label=\"articles\"><ul class=\"fusion-grid fusion-grid-4 fusion-flex-align-items-flex-start fusion-grid-posts-cards\"><li class=\"fusion-layout-column fusion_builder_column fusion-builder-column-1 fusion-flex-column post-card fusion-grid-column fusion-post-cards-grid-column\" style=\"--awb-bg-color:rgba(242,220,107,0.26);--awb-bg-color-hover:rgba(242,220,107,0.26);--awb-bg-blend:overlay;--awb-bg-size:cover;--awb-flex-grow:0;--awb-flex-shrink:0;--awb-flex-grow-medium:0;--awb-flex-shrink-medium:0;--awb-flex-grow-small:0;--awb-flex-shrink-small:0;\"><div class=\"fusion-column-wrapper fusion-column-has-shadow fusion-flex-justify-content-flex-start fusion-content-layout-column\"><div class=\"fusion-classic-product-image-wrapper fusion-woo-product-image fusion-post-card-image fusion-post-card-image-1 product-images\" data-layout=\"crossfade\" style=\"--awb-margin-bottom:15px;\"><a href=\"https:\/\/ecceukch.eu\/fr\/ecceukch-la-premiere-annee-dactivite-consacree-a-la-promotion-de-lhuile-dolive-vierge-extra-europeenne-au-royaume-uni-et-en-suisse-touche-a-sa-fin\/\" title=\"ECCEUKCH : la premi\u00e8re ann\u00e9e d&rsquo;activit\u00e9 consacr\u00e9e \u00e0 la promotion de l&rsquo;huile d&rsquo;olive vierge extra europ\u00e9enne au Royaume-Uni et en Suisse touche \u00e0 sa fin\"><div class=\"featured-image\">\n\t\t<img decoding=\"async\" width=\"2560\" height=\"1707\" src=\"https:\/\/ecceukch.eu\/wp-content\/uploads\/2026\/04\/news-3-swizzera-scaled.jpg\" class=\"attachment-full size-full lazyload wp-post-image\" alt=\"\" srcset=\"data:image\/svg+xml,%3Csvg%20xmlns%3D%27http%3A%2F%2Fwww.w3.org%2F2000%2Fsvg%27%20width%3D%272560%27%20height%3D%271707%27%20viewBox%3D%270%200%202560%201707%27%3E%3Crect%20width%3D%272560%27%20height%3D%271707%27%20fill-opacity%3D%220%22%2F%3E%3C%2Fsvg%3E\" data-orig-src=\"https:\/\/ecceukch.eu\/wp-content\/uploads\/2026\/04\/news-3-swizzera-scaled.jpg\" data-srcset=\"https:\/\/ecceukch.eu\/wp-content\/uploads\/2026\/04\/news-3-swizzera-200x133.jpg 200w, https:\/\/ecceukch.eu\/wp-content\/uploads\/2026\/04\/news-3-swizzera-400x267.jpg 400w, https:\/\/ecceukch.eu\/wp-content\/uploads\/2026\/04\/news-3-swizzera-600x400.jpg 600w, https:\/\/ecceukch.eu\/wp-content\/uploads\/2026\/04\/news-3-swizzera-800x533.jpg 800w, https:\/\/ecceukch.eu\/wp-content\/uploads\/2026\/04\/news-3-swizzera-1200x800.jpg 1200w, https:\/\/ecceukch.eu\/wp-content\/uploads\/2026\/04\/news-3-swizzera-scaled.jpg 2560w\" data-sizes=\"auto\" \/>\n\t<\/div>\n<\/a><\/div><div class=\"fusion-title title fusion-title-1 fusion-title-text fusion-title-size-two\" style=\"--awb-margin-right:10px;--awb-margin-bottom:15px;--awb-margin-left:10px;--awb-margin-top-small:0px;--awb-margin-right-small:10px;--awb-margin-bottom-small:20px;--awb-margin-left-small:10px;--awb-link-color:hsla(var(--awb-color8-h),var(--awb-color8-s),calc( var(--awb-color8-l) + 16% ),var(--awb-color8-a));--awb-font-size:var(--awb-custom_typography_1-font-size);\"><div class=\"title-sep-container title-sep-container-left fusion-no-large-visibility fusion-no-medium-visibility fusion-no-small-visibility\"><div class=\"title-sep sep- sep-solid\" style=\"border-color:var(--awb-color3);\"><\/div><\/div><span class=\"awb-title-spacer fusion-no-large-visibility fusion-no-medium-visibility fusion-no-small-visibility\"><\/span><h2 class=\"fusion-title-heading title-heading-left fusion-responsive-typography-calculated\" style=\"font-family:var(--awb-custom_typography_1-font-family);font-weight:var(--awb-custom_typography_1-font-weight);font-style:var(--awb-custom_typography_1-font-style);margin:0;letter-spacing:var(--awb-custom_typography_1-letter-spacing);text-transform:var(--awb-custom_typography_1-text-transform);font-size:1em;--fontSize:19;--minFontSize:19;line-height:1.58;\"><a href=\"https:\/\/ecceukch.eu\/fr\/ecceukch-la-premiere-annee-dactivite-consacree-a-la-promotion-de-lhuile-dolive-vierge-extra-europeenne-au-royaume-uni-et-en-suisse-touche-a-sa-fin\/\" class=\"awb-custom-text-color awb-custom-text-hover-color\" target=\"_self\">ECCEUKCH : la premi\u00e8re ann\u00e9e d&rsquo;activit\u00e9 consacr\u00e9e \u00e0 la promotion de l&rsquo;huile d&rsquo;olive vierge extra europ\u00e9enne au Royaume-Uni et en Suisse touche \u00e0 sa fin<\/a><\/h2><span class=\"awb-title-spacer\"><\/span><div class=\"title-sep-container title-sep-container-right\"><div class=\"title-sep sep- sep-solid\" style=\"border-color:var(--awb-color3);\"><\/div><\/div><\/div><div class=\"fusion-meta-tb fusion-meta-tb-1 floated\" style=\"--awb-height:36px;--awb-padding-left:10px;--awb-alignment-medium:flex-start;--awb-alignment-small:flex-start;\"><span class=\"fusion-tb-published-date\">Publi\u00e9 le: mars 31st, 2026<\/span><span class=\"fusion-meta-tb-sep\"><\/span><\/div><div class=\"fusion-text fusion-text-1 fusion-text-no-margin\" style=\"--awb-margin-right:2vw;--awb-margin-bottom:0px;--awb-margin-left:10px;\"><\/div><div ><a class=\"fusion-button button-flat button-large button-custom fusion-button-default button-1 fusion-button-default-span fusion-button-default-type\" style=\"--awb-margin-left:-21px;--button_accent_color:var(--awb-color4);--button_border_color:var(--awb-color4);--button_accent_hover_color:var(--awb-color4);--button_border_hover_color:var(--awb-color4);--button_gradient_top_color:rgba(241,246,255,0);--button_gradient_bottom_color:rgba(241,246,255,0);--button_gradient_top_color_hover:rgba(0,87,255,0);--button_gradient_bottom_color_hover:rgba(0,87,255,0);--button_text_transform:none;\" target=\"_self\" href=\"https:\/\/ecceukch.eu\/fr\/ecceukch-la-premiere-annee-dactivite-consacree-a-la-promotion-de-lhuile-dolive-vierge-extra-europeenne-au-royaume-uni-et-en-suisse-touche-a-sa-fin\/\"><span class=\"fusion-button-text awb-button__text awb-button__text--default\">Continuer la lecture<\/span><\/a><\/div><div class=\"fusion-separator fusion-full-width-sep\" style=\"align-self: center;margin-left: auto;margin-right: auto;flex-grow:1;width:100%;\"><\/div><\/div><\/li>\n<li class=\"fusion-layout-column fusion_builder_column fusion-builder-column-2 fusion-flex-column post-card fusion-grid-column fusion-post-cards-grid-column\" style=\"--awb-bg-color:rgba(242,220,107,0.26);--awb-bg-color-hover:rgba(242,220,107,0.26);--awb-bg-blend:overlay;--awb-bg-size:cover;--awb-flex-grow:0;--awb-flex-shrink:0;--awb-flex-grow-medium:0;--awb-flex-shrink-medium:0;--awb-flex-grow-small:0;--awb-flex-shrink-small:0;\"><div class=\"fusion-column-wrapper fusion-column-has-shadow fusion-flex-justify-content-flex-start fusion-content-layout-column\"><div class=\"fusion-classic-product-image-wrapper fusion-woo-product-image fusion-post-card-image fusion-post-card-image-1 product-images\" data-layout=\"crossfade\" style=\"--awb-margin-bottom:15px;\"><a href=\"https:\/\/ecceukch.eu\/fr\/ecceukch-la-premiere-annee-dactivite-consacree-a-la-promotion-de-lhuile-dolive-vierge-extra-europeenne-au-royaume-uni-et-en-suisse-touche-a-sa-fin-2\/\" title=\"L&rsquo;excellence de l&rsquo;huile d&rsquo;olive extra vierge europ\u00e9enne revient sur le devant de la sc\u00e8ne en Suisse\"><div class=\"featured-image\">\n\t\t<img decoding=\"async\" width=\"2560\" height=\"1707\" src=\"https:\/\/ecceukch.eu\/wp-content\/uploads\/2026\/04\/Wollerau.jpg\" class=\"attachment-full size-full lazyload wp-post-image\" alt=\"\" srcset=\"data:image\/svg+xml,%3Csvg%20xmlns%3D%27http%3A%2F%2Fwww.w3.org%2F2000%2Fsvg%27%20width%3D%272560%27%20height%3D%271707%27%20viewBox%3D%270%200%202560%201707%27%3E%3Crect%20width%3D%272560%27%20height%3D%271707%27%20fill-opacity%3D%220%22%2F%3E%3C%2Fsvg%3E\" data-orig-src=\"https:\/\/ecceukch.eu\/wp-content\/uploads\/2026\/04\/Wollerau.jpg\" data-srcset=\"https:\/\/ecceukch.eu\/wp-content\/uploads\/2026\/04\/Wollerau-200x133.jpg 200w, https:\/\/ecceukch.eu\/wp-content\/uploads\/2026\/04\/Wollerau-400x267.jpg 400w, https:\/\/ecceukch.eu\/wp-content\/uploads\/2026\/04\/Wollerau-600x400.jpg 600w, https:\/\/ecceukch.eu\/wp-content\/uploads\/2026\/04\/Wollerau-800x533.jpg 800w, https:\/\/ecceukch.eu\/wp-content\/uploads\/2026\/04\/Wollerau-1200x800.jpg 1200w, https:\/\/ecceukch.eu\/wp-content\/uploads\/2026\/04\/Wollerau.jpg 2560w\" data-sizes=\"auto\" \/>\n\t<\/div>\n<\/a><\/div><div class=\"fusion-title title fusion-title-2 fusion-title-text fusion-title-size-two\" style=\"--awb-margin-right:10px;--awb-margin-bottom:15px;--awb-margin-left:10px;--awb-margin-top-small:0px;--awb-margin-right-small:10px;--awb-margin-bottom-small:20px;--awb-margin-left-small:10px;--awb-link-color:hsla(var(--awb-color8-h),var(--awb-color8-s),calc( var(--awb-color8-l) + 16% ),var(--awb-color8-a));--awb-font-size:var(--awb-custom_typography_1-font-size);\"><div class=\"title-sep-container title-sep-container-left fusion-no-large-visibility fusion-no-medium-visibility fusion-no-small-visibility\"><div class=\"title-sep sep- sep-solid\" style=\"border-color:var(--awb-color3);\"><\/div><\/div><span class=\"awb-title-spacer fusion-no-large-visibility fusion-no-medium-visibility fusion-no-small-visibility\"><\/span><h2 class=\"fusion-title-heading title-heading-left fusion-responsive-typography-calculated\" style=\"font-family:var(--awb-custom_typography_1-font-family);font-weight:var(--awb-custom_typography_1-font-weight);font-style:var(--awb-custom_typography_1-font-style);margin:0;letter-spacing:var(--awb-custom_typography_1-letter-spacing);text-transform:var(--awb-custom_typography_1-text-transform);font-size:1em;--fontSize:19;--minFontSize:19;line-height:1.58;\"><a href=\"https:\/\/ecceukch.eu\/fr\/ecceukch-la-premiere-annee-dactivite-consacree-a-la-promotion-de-lhuile-dolive-vierge-extra-europeenne-au-royaume-uni-et-en-suisse-touche-a-sa-fin-2\/\" class=\"awb-custom-text-color awb-custom-text-hover-color\" target=\"_self\">L&rsquo;excellence de l&rsquo;huile d&rsquo;olive extra vierge europ\u00e9enne revient sur le devant de la sc\u00e8ne en Suisse<\/a><\/h2><span class=\"awb-title-spacer\"><\/span><div class=\"title-sep-container title-sep-container-right\"><div class=\"title-sep sep- sep-solid\" style=\"border-color:var(--awb-color3);\"><\/div><\/div><\/div><div class=\"fusion-meta-tb fusion-meta-tb-2 floated\" style=\"--awb-height:36px;--awb-padding-left:10px;--awb-alignment-medium:flex-start;--awb-alignment-small:flex-start;\"><span class=\"fusion-tb-published-date\">Publi\u00e9 le: mars 19th, 2026<\/span><span class=\"fusion-meta-tb-sep\"><\/span><\/div><div class=\"fusion-text fusion-text-2 fusion-text-no-margin\" style=\"--awb-margin-right:2vw;--awb-margin-bottom:0px;--awb-margin-left:10px;\"><\/div><div ><a class=\"fusion-button button-flat button-large button-custom fusion-button-default button-2 fusion-button-default-span fusion-button-default-type\" style=\"--awb-margin-left:-21px;--button_accent_color:var(--awb-color4);--button_border_color:var(--awb-color4);--button_accent_hover_color:var(--awb-color4);--button_border_hover_color:var(--awb-color4);--button_gradient_top_color:rgba(241,246,255,0);--button_gradient_bottom_color:rgba(241,246,255,0);--button_gradient_top_color_hover:rgba(0,87,255,0);--button_gradient_bottom_color_hover:rgba(0,87,255,0);--button_text_transform:none;\" target=\"_self\" href=\"https:\/\/ecceukch.eu\/fr\/ecceukch-la-premiere-annee-dactivite-consacree-a-la-promotion-de-lhuile-dolive-vierge-extra-europeenne-au-royaume-uni-et-en-suisse-touche-a-sa-fin-2\/\"><span class=\"fusion-button-text awb-button__text awb-button__text--default\">Continuer la lecture<\/span><\/a><\/div><div class=\"fusion-separator fusion-full-width-sep\" style=\"align-self: center;margin-left: auto;margin-right: auto;flex-grow:1;width:100%;\"><\/div><\/div><\/li>\n<li class=\"fusion-layout-column fusion_builder_column fusion-builder-column-3 fusion-flex-column post-card fusion-grid-column fusion-post-cards-grid-column\" style=\"--awb-bg-color:rgba(242,220,107,0.26);--awb-bg-color-hover:rgba(242,220,107,0.26);--awb-bg-blend:overlay;--awb-bg-size:cover;--awb-flex-grow:0;--awb-flex-shrink:0;--awb-flex-grow-medium:0;--awb-flex-shrink-medium:0;--awb-flex-grow-small:0;--awb-flex-shrink-small:0;\"><div class=\"fusion-column-wrapper fusion-column-has-shadow fusion-flex-justify-content-flex-start fusion-content-layout-column\"><div class=\"fusion-classic-product-image-wrapper fusion-woo-product-image fusion-post-card-image fusion-post-card-image-1 product-images\" data-layout=\"crossfade\" style=\"--awb-margin-bottom:15px;\"><a href=\"https:\/\/ecceukch.eu\/fr\/le-projet-ecceukch-met-en-avant-lexcellence-de-loleiculture-europeenne-au-salon-olma-de-saint-gall\/\" title=\"Le projet ECCEUKCH met en avant l&rsquo;excellence de l&rsquo;ol\u00e9iculture europ\u00e9enne au salon OLMA de Saint-Gall\"><div class=\"featured-image\">\n\t\t<img decoding=\"async\" width=\"2560\" height=\"1707\" src=\"https:\/\/ecceukch.eu\/wp-content\/uploads\/2025\/10\/Olma-san-gallo-scaled-def.jpg\" class=\"attachment-full size-full lazyload wp-post-image\" alt=\"\" srcset=\"data:image\/svg+xml,%3Csvg%20xmlns%3D%27http%3A%2F%2Fwww.w3.org%2F2000%2Fsvg%27%20width%3D%272560%27%20height%3D%271707%27%20viewBox%3D%270%200%202560%201707%27%3E%3Crect%20width%3D%272560%27%20height%3D%271707%27%20fill-opacity%3D%220%22%2F%3E%3C%2Fsvg%3E\" data-orig-src=\"https:\/\/ecceukch.eu\/wp-content\/uploads\/2025\/10\/Olma-san-gallo-scaled-def.jpg\" data-srcset=\"https:\/\/ecceukch.eu\/wp-content\/uploads\/2025\/10\/Olma-san-gallo-scaled-def-200x133.jpg 200w, https:\/\/ecceukch.eu\/wp-content\/uploads\/2025\/10\/Olma-san-gallo-scaled-def-400x267.jpg 400w, https:\/\/ecceukch.eu\/wp-content\/uploads\/2025\/10\/Olma-san-gallo-scaled-def-600x400.jpg 600w, https:\/\/ecceukch.eu\/wp-content\/uploads\/2025\/10\/Olma-san-gallo-scaled-def-800x533.jpg 800w, https:\/\/ecceukch.eu\/wp-content\/uploads\/2025\/10\/Olma-san-gallo-scaled-def-1200x800.jpg 1200w, https:\/\/ecceukch.eu\/wp-content\/uploads\/2025\/10\/Olma-san-gallo-scaled-def.jpg 2560w\" data-sizes=\"auto\" \/>\n\t<\/div>\n<\/a><\/div><div class=\"fusion-title title fusion-title-3 fusion-title-text fusion-title-size-two\" style=\"--awb-margin-right:10px;--awb-margin-bottom:15px;--awb-margin-left:10px;--awb-margin-top-small:0px;--awb-margin-right-small:10px;--awb-margin-bottom-small:20px;--awb-margin-left-small:10px;--awb-link-color:hsla(var(--awb-color8-h),var(--awb-color8-s),calc( var(--awb-color8-l) + 16% ),var(--awb-color8-a));--awb-font-size:var(--awb-custom_typography_1-font-size);\"><div class=\"title-sep-container title-sep-container-left fusion-no-large-visibility fusion-no-medium-visibility fusion-no-small-visibility\"><div class=\"title-sep sep- sep-solid\" style=\"border-color:var(--awb-color3);\"><\/div><\/div><span class=\"awb-title-spacer fusion-no-large-visibility fusion-no-medium-visibility fusion-no-small-visibility\"><\/span><h2 class=\"fusion-title-heading title-heading-left fusion-responsive-typography-calculated\" style=\"font-family:var(--awb-custom_typography_1-font-family);font-weight:var(--awb-custom_typography_1-font-weight);font-style:var(--awb-custom_typography_1-font-style);margin:0;letter-spacing:var(--awb-custom_typography_1-letter-spacing);text-transform:var(--awb-custom_typography_1-text-transform);font-size:1em;--fontSize:19;--minFontSize:19;line-height:1.58;\"><a href=\"https:\/\/ecceukch.eu\/fr\/le-projet-ecceukch-met-en-avant-lexcellence-de-loleiculture-europeenne-au-salon-olma-de-saint-gall\/\" class=\"awb-custom-text-color awb-custom-text-hover-color\" target=\"_self\">Le projet ECCEUKCH met en avant l&rsquo;excellence de l&rsquo;ol\u00e9iculture europ\u00e9enne au salon OLMA de Saint-Gall<\/a><\/h2><span class=\"awb-title-spacer\"><\/span><div class=\"title-sep-container title-sep-container-right\"><div class=\"title-sep sep- sep-solid\" style=\"border-color:var(--awb-color3);\"><\/div><\/div><\/div><div class=\"fusion-meta-tb fusion-meta-tb-3 floated\" style=\"--awb-height:36px;--awb-padding-left:10px;--awb-alignment-medium:flex-start;--awb-alignment-small:flex-start;\"><span class=\"fusion-tb-published-date\">Publi\u00e9 le: octobre 9th, 2025<\/span><span class=\"fusion-meta-tb-sep\"><\/span><\/div><div class=\"fusion-text fusion-text-3 fusion-text-no-margin\" style=\"--awb-margin-right:2vw;--awb-margin-bottom:0px;--awb-margin-left:10px;\"><\/div><div ><a class=\"fusion-button button-flat button-large button-custom fusion-button-default button-3 fusion-button-default-span fusion-button-default-type\" style=\"--awb-margin-left:-21px;--button_accent_color:var(--awb-color4);--button_border_color:var(--awb-color4);--button_accent_hover_color:var(--awb-color4);--button_border_hover_color:var(--awb-color4);--button_gradient_top_color:rgba(241,246,255,0);--button_gradient_bottom_color:rgba(241,246,255,0);--button_gradient_top_color_hover:rgba(0,87,255,0);--button_gradient_bottom_color_hover:rgba(0,87,255,0);--button_text_transform:none;\" target=\"_self\" href=\"https:\/\/ecceukch.eu\/fr\/le-projet-ecceukch-met-en-avant-lexcellence-de-loleiculture-europeenne-au-salon-olma-de-saint-gall\/\"><span class=\"fusion-button-text awb-button__text awb-button__text--default\">Continuer la lecture<\/span><\/a><\/div><div class=\"fusion-separator fusion-full-width-sep\" style=\"align-self: center;margin-left: auto;margin-right: auto;flex-grow:1;width:100%;\"><\/div><\/div><\/li>\n<\/ul><\/div><\/div><\/div><\/div><\/div>\n","protected":false},"excerpt":{"rendered":"","protected":false},"author":1,"featured_media":0,"parent":0,"menu_order":0,"comment_status":"closed","ping_status":"closed","template":"100-width.php","meta":{"footnotes":""},"class_list":["post-7887","page","type-page","status-publish","hentry"],"_links":{"self":[{"href":"https:\/\/ecceukch.eu\/fr\/wp-json\/wp\/v2\/pages\/7887","targetHints":{"allow":["GET"]}}],"collection":[{"href":"https:\/\/ecceukch.eu\/fr\/wp-json\/wp\/v2\/pages"}],"about":[{"href":"https:\/\/ecceukch.eu\/fr\/wp-json\/wp\/v2\/types\/page"}],"author":[{"embeddable":true,"href":"https:\/\/ecceukch.eu\/fr\/wp-json\/wp\/v2\/users\/1"}],"replies":[{"embeddable":true,"href":"https:\/\/ecceukch.eu\/fr\/wp-json\/wp\/v2\/comments?post=7887"}],"version-history":[{"count":3,"href":"https:\/\/ecceukch.eu\/fr\/wp-json\/wp\/v2\/pages\/7887\/revisions"}],"predecessor-version":[{"id":8674,"href":"https:\/\/ecceukch.eu\/fr\/wp-json\/wp\/v2\/pages\/7887\/revisions\/8674"}],"wp:attachment":[{"href":"https:\/\/ecceukch.eu\/fr\/wp-json\/wp\/v2\/media?parent=7887"}],"curies":[{"name":"wp","href":"https:\/\/api.w.org\/{rel}","templated":true}]}}