{"id":8548,"date":"2025-10-03T15:22:07","date_gmt":"2025-10-03T15:22:07","guid":{"rendered":"https:\/\/ecceukch.eu\/?page_id=8548"},"modified":"2025-10-03T15:47:50","modified_gmt":"2025-10-03T15:47:50","slug":"das-projekt","status":"publish","type":"page","link":"https:\/\/ecceukch.eu\/de\/das-projekt\/","title":{"rendered":"Das Projekt"},"content":{"rendered":"<p><div class=\"fusion-fullwidth fullwidth-box fusion-builder-row-1 fusion-flex-container nonhundred-percent-fullwidth non-hundred-percent-height-scrolling fusion-animated\" style=\"--awb-border-radius-top-left:0px;--awb-border-radius-top-right:0px;--awb-border-radius-bottom-right:0px;--awb-border-radius-bottom-left:0px;--awb-padding-bottom:0px;--awb-margin-bottom:0px;--awb-margin-bottom-medium:80px;--awb-margin-bottom-small:60px;--awb-flex-wrap:wrap;\" data-animationType=\"fadeInUp\" data-animationDuration=\"1.3\" data-animationOffset=\"top-into-view\" ><div class=\"fusion-builder-row fusion-row fusion-flex-align-items-center fusion-flex-justify-content-center fusion-flex-content-wrap\" style=\"max-width:1216.8px;margin-left: calc(-4% \/ 2 );margin-right: calc(-4% \/ 2 );\"><div class=\"fusion-layout-column fusion_builder_column fusion-builder-column-0 fusion_builder_column_1_1 1_1 fusion-flex-column fusion-animated\" style=\"--awb-bg-size:cover;--awb-width-large:100%;--awb-margin-top-large:0px;--awb-spacing-right-large:1.92%;--awb-margin-bottom-large:0px;--awb-spacing-left-large:1.92%;--awb-width-medium:100%;--awb-order-medium:0;--awb-spacing-right-medium:1.92%;--awb-spacing-left-medium:1.92%;--awb-width-small:100%;--awb-order-small:0;--awb-spacing-right-small:1.92%;--awb-margin-bottom-small:50px;--awb-spacing-left-small:1.92%;\" data-animationType=\"fadeIn\" data-animationDuration=\"0.3\" data-animationOffset=\"top-into-view\"><div class=\"fusion-column-wrapper fusion-column-has-shadow fusion-flex-justify-content-flex-start fusion-content-layout-column\"><div class=\"fusion-image-element \" style=\"--awb-caption-title-font-family:var(--h2_typography-font-family);--awb-caption-title-font-weight:var(--h2_typography-font-weight);--awb-caption-title-font-style:var(--h2_typography-font-style);--awb-caption-title-size:var(--h2_typography-font-size);--awb-caption-title-transform:var(--h2_typography-text-transform);--awb-caption-title-line-height:var(--h2_typography-line-height);--awb-caption-title-letter-spacing:var(--h2_typography-letter-spacing);\"><span class=\" fusion-imageframe imageframe-none imageframe-1 hover-type-zoomin fusion-animated\" data-animationType=\"fadeInDown\" data-animationDuration=\"0.2\" data-animationDelay=\"0.3\" data-animationOffset=\"top-into-view\"><img decoding=\"async\" width=\"1200\" height=\"461\" title=\"il-progetto-immagine\" src=\"https:\/\/ecceukch.eu\/wp-content\/uploads\/2025\/10\/il-progetto-immagine.jpg\" data-orig-src=\"https:\/\/ecceukch.eu\/wp-content\/uploads\/2025\/10\/il-progetto-immagine-1200x461.jpg\" alt class=\"lazyload img-responsive wp-image-8560\" srcset=\"data:image\/svg+xml,%3Csvg%20xmlns%3D%27http%3A%2F%2Fwww.w3.org%2F2000%2Fsvg%27%20width%3D%272560%27%20height%3D%27983%27%20viewBox%3D%270%200%202560%20983%27%3E%3Crect%20width%3D%272560%27%20height%3D%27983%27%20fill-opacity%3D%220%22%2F%3E%3C%2Fsvg%3E\" data-srcset=\"https:\/\/ecceukch.eu\/wp-content\/uploads\/2025\/10\/il-progetto-immagine-200x77.jpg 200w, https:\/\/ecceukch.eu\/wp-content\/uploads\/2025\/10\/il-progetto-immagine-400x154.jpg 400w, https:\/\/ecceukch.eu\/wp-content\/uploads\/2025\/10\/il-progetto-immagine-600x230.jpg 600w, https:\/\/ecceukch.eu\/wp-content\/uploads\/2025\/10\/il-progetto-immagine-800x307.jpg 800w, https:\/\/ecceukch.eu\/wp-content\/uploads\/2025\/10\/il-progetto-immagine-1200x461.jpg 1200w\" data-sizes=\"auto\" data-orig-sizes=\"(max-width: 1024px) 100vw, (max-width: 640px) 100vw, 1200px\" \/><\/span><\/div><\/div><\/div><\/div><\/div><div class=\"fusion-fullwidth fullwidth-box fusion-builder-row-2 fusion-flex-container nonhundred-percent-fullwidth non-hundred-percent-height-scrolling fusion-animated\" style=\"--awb-border-radius-top-left:0px;--awb-border-radius-top-right:0px;--awb-border-radius-bottom-right:0px;--awb-border-radius-bottom-left:0px;--awb-margin-bottom:120px;--awb-margin-bottom-medium:80px;--awb-margin-bottom-small:60px;--awb-flex-wrap:wrap;\" data-animationType=\"fadeInUp\" data-animationDuration=\"1.3\" data-animationOffset=\"top-into-view\" ><div class=\"fusion-builder-row fusion-row fusion-flex-align-items-center fusion-flex-justify-content-center fusion-flex-content-wrap\" style=\"max-width:1216.8px;margin-left: calc(-4% \/ 2 );margin-right: calc(-4% \/ 2 );\"><div class=\"fusion-layout-column fusion_builder_column fusion-builder-column-1 fusion_builder_column_1_1 1_1 fusion-flex-column fusion-animated\" style=\"--awb-bg-size:cover;--awb-width-large:100%;--awb-margin-top-large:23px;--awb-spacing-right-large:1.92%;--awb-margin-bottom-large:70px;--awb-spacing-left-large:1.92%;--awb-width-medium:100%;--awb-order-medium:0;--awb-spacing-right-medium:1.92%;--awb-spacing-left-medium:1.92%;--awb-width-small:100%;--awb-order-small:0;--awb-spacing-right-small:1.92%;--awb-margin-bottom-small:50px;--awb-spacing-left-small:1.92%;\" data-animationType=\"fadeIn\" data-animationDuration=\"0.3\" data-animationOffset=\"top-into-view\"><div class=\"fusion-column-wrapper fusion-column-has-shadow fusion-flex-justify-content-flex-start fusion-content-layout-column\"><div class=\"fusion-title title fusion-title-1 fusion-title-center fusion-title-text fusion-title-size-two\" style=\"--awb-margin-top-small:0px;--awb-margin-bottom-small:20px;\"><div class=\"title-sep-container title-sep-container-left\"><div class=\"title-sep sep- sep-solid\" style=\"border-color:var(--awb-color3);\"><\/div><\/div><span class=\"awb-title-spacer\"><\/span><h2 class=\"fusion-title-heading title-heading-center fusion-responsive-typography-calculated\" style=\"margin:0;text-transform:none;--fontSize:42;line-height:var(--awb-typography1-line-height);\">Das Projekt<\/h2><span class=\"awb-title-spacer\"><\/span><div class=\"title-sep-container title-sep-container-right\"><div class=\"title-sep sep- sep-solid\" style=\"border-color:var(--awb-color3);\"><\/div><\/div><\/div><div class=\"fusion-text fusion-text-1 fusion-text-no-margin\" style=\"--awb-content-alignment:center;--awb-margin-right:15%;--awb-margin-bottom:0px;--awb-margin-left:15%;\"><p>Das Projekt \u201eECCEUKCH \u2013 Die Exzellenz des europ\u00e4ischen Olivenanbaus im Vereinigten K\u00f6nigreich und in der Schweiz\u201c ist ein dreij\u00e4hriges Informations- und F\u00f6rderprogramm, das sich dem hochwertigen europ\u00e4ischen Nativem Oliven\u00f6l Extra widmet. Es wird vom Collegio Toscano degli Olivicoltori OL.MA. S.a.c. (OP OLMA), OP Latium und der EAC, Association of Exporters of Crete, mit der Kofinanzierung der Europ\u00e4ischen Union im Rahmen der Verordnung (EU) Nr. 1144\/2014 gef\u00f6rdert und umgesetzt. 1144\/2014.<\/p>\n<p>Die Initiative wurde mit dem Ziel ins Leben gerufen, das Wissen und den Konsum von zertifiziertem europ\u00e4ischen nativem Oliven\u00f6l extra mit der Bezeichnung DOP und IGP im <strong>Vereinigten K\u00f6nigreich und in der Schweiz<\/strong>, zwei Schl\u00fcsselm\u00e4rkten f\u00fcr die Wettbewerbsf\u00e4higkeit des Sektors, zu st\u00e4rken. Dies ist besonders wichtig im Vereinigten K\u00f6nigreich, wo der Prozess des Austritts aus der EU (Brexit) zu einem R\u00fcckgang der Importe traditioneller mediterraner Lebensmittel gef\u00fchrt hat.<\/p>\n<p>Das Programm zielt darauf ab, das Bewusstsein der Verbraucher f\u00fcr die <strong>ern\u00e4hrungsphysiologischen, gesundheitlichen und organoleptischen<\/strong> Werte des europ\u00e4ischen nativen Oliven\u00f6ls extra zu sch\u00e4rfen und sein Image als sicheres, r\u00fcckverfolgbares und nachhaltiges Produkt zu f\u00f6rdern, das ein Symbol f\u00fcr eine korrekte Ern\u00e4hrung und den <strong>mediterranen Lebensstil<\/strong> ist. Gleichzeitig werden die <strong>gesch\u00fctzten Ursprungsbezeichnungen (DOP) und die gesch\u00fctzten geografischen Angaben (IGP)<\/strong> als Garantie f\u00fcr Authentizit\u00e4t und Verbundenheit mit den Produktionsgebieten aufgewertet, wodurch die Marktanteile in Gebieten gesteigert werden, die Schwierigkeiten hatten, wie das Vereinigte K\u00f6nigreich nach dem Brexit.<\/p>\n<p>Um seine Ziele zu erreichen, verfolgt ECCEUKCH einen <strong>integrierten Ansatz f\u00fcr Kommunikation und Engagement<\/strong>: Einerseits eine <strong>auf das Internet ausgerichtete digitale Strategie<\/strong> mit der Nutzung von Web, Social Media, Bannerwerbung in Systemen f\u00fcr kontextbezogene Werbung und Remarketing, Instrumente, die heute weit verbreitet sind; andererseits ein <strong>direkter Ansatz gegen\u00fcber Meinungsf\u00fchrern, Entscheidungstr\u00e4gern, Kommunikationsfachleuten, Stakeholdern des Vertriebs und des HoReCa-Sektors<\/strong>.<\/p>\n<p>Parallel dazu bietet das Projekt <strong>Live-Erlebnisse<\/strong> wie gef\u00fchrte Verkostungen in Restaurants und Verkaufsstellen, Veranstaltungen und Schulungen an, die sich sowohl an Verbraucher richten, die neugierig darauf sind, den Geschmack und das Wohlbefinden des europ\u00e4ischen nativen Oliven\u00f6ls extra zu entdecken, als auch an Fachleute der Branche, von Gastronomen \u00fcber H\u00e4ndler bis hin zu Hotelfachschulen. Auf diese Weise m\u00f6chte ECCEUKCH immer mehr Menschen dem Reichtum an <strong>Geschm\u00e4ckern, Gebieten und Werten<\/strong> n\u00e4her bringen, die das europ\u00e4ische Oliven\u00f6l einzigartig machen.<\/p>\n<p>ECCEUKCH ist Teil der europ\u00e4ischen Politikbereiche \u201eFarm to Fork\u201c und \u201eGreen Deal\u201c und f\u00f6rdert ein gr\u00f6\u00dferes Bewusstsein f\u00fcr den Wert einer gesunden Ern\u00e4hrung, den Zugang zu einem ausgewogenen Lebensstil und einen ganzheitlichen Ansatz, der Ern\u00e4hrung, Gesundheit, Wohlbefinden und mediterrane Tradition integriert.<\/p>\n<\/div><\/div><\/div><\/div><\/div><\/p>\n","protected":false},"excerpt":{"rendered":"","protected":false},"author":1,"featured_media":0,"parent":0,"menu_order":0,"comment_status":"closed","ping_status":"closed","template":"100-width.php","meta":{"footnotes":""},"class_list":["post-8548","page","type-page","status-publish","hentry"],"_links":{"self":[{"href":"https:\/\/ecceukch.eu\/de\/wp-json\/wp\/v2\/pages\/8548","targetHints":{"allow":["GET"]}}],"collection":[{"href":"https:\/\/ecceukch.eu\/de\/wp-json\/wp\/v2\/pages"}],"about":[{"href":"https:\/\/ecceukch.eu\/de\/wp-json\/wp\/v2\/types\/page"}],"author":[{"embeddable":true,"href":"https:\/\/ecceukch.eu\/de\/wp-json\/wp\/v2\/users\/1"}],"replies":[{"embeddable":true,"href":"https:\/\/ecceukch.eu\/de\/wp-json\/wp\/v2\/comments?post=8548"}],"version-history":[{"count":6,"href":"https:\/\/ecceukch.eu\/de\/wp-json\/wp\/v2\/pages\/8548\/revisions"}],"predecessor-version":[{"id":8583,"href":"https:\/\/ecceukch.eu\/de\/wp-json\/wp\/v2\/pages\/8548\/revisions\/8583"}],"wp:attachment":[{"href":"https:\/\/ecceukch.eu\/de\/wp-json\/wp\/v2\/media?parent=8548"}],"curies":[{"name":"wp","href":"https:\/\/api.w.org\/{rel}","templated":true}]}}