{"id":7990,"date":"2025-08-28T14:43:35","date_gmt":"2025-08-28T14:43:35","guid":{"rendered":"https:\/\/ecceukch.eu\/das-europaeische-dop-und-igp-olivenoel-extra-vergine\/"},"modified":"2025-09-26T13:41:20","modified_gmt":"2025-09-26T13:41:20","slug":"das-europaeische-dop-und-igp-olivenoel-extra-vergine","status":"publish","type":"page","link":"https:\/\/ecceukch.eu\/de\/das-europaeische-dop-und-igp-olivenoel-extra-vergine\/","title":{"rendered":"Das europ\u00e4ische DOP- und IGP-Oliven\u00f6l extra vergine"},"content":{"rendered":"<p><div class=\"fusion-fullwidth fullwidth-box fusion-builder-row-1 fusion-flex-container nonhundred-percent-fullwidth non-hundred-percent-height-scrolling fusion-animated\" style=\"--awb-border-radius-top-left:0px;--awb-border-radius-top-right:0px;--awb-border-radius-bottom-right:0px;--awb-border-radius-bottom-left:0px;--awb-padding-bottom:0px;--awb-margin-bottom:0px;--awb-margin-bottom-medium:80px;--awb-margin-bottom-small:60px;--awb-flex-wrap:wrap;\" data-animationType=\"fadeInUp\" data-animationDuration=\"1.3\" data-animationOffset=\"top-into-view\" ><div class=\"fusion-builder-row fusion-row fusion-flex-align-items-center fusion-flex-justify-content-center fusion-flex-content-wrap\" style=\"max-width:1216.8px;margin-left: calc(-4% \/ 2 );margin-right: calc(-4% \/ 2 );\"><div class=\"fusion-layout-column fusion_builder_column fusion-builder-column-0 fusion_builder_column_1_1 1_1 fusion-flex-column fusion-animated\" style=\"--awb-bg-size:cover;--awb-width-large:100%;--awb-margin-top-large:0px;--awb-spacing-right-large:1.92%;--awb-margin-bottom-large:0px;--awb-spacing-left-large:1.92%;--awb-width-medium:100%;--awb-order-medium:0;--awb-spacing-right-medium:1.92%;--awb-spacing-left-medium:1.92%;--awb-width-small:100%;--awb-order-small:0;--awb-spacing-right-small:1.92%;--awb-margin-bottom-small:50px;--awb-spacing-left-small:1.92%;\" data-animationType=\"fadeIn\" data-animationDuration=\"0.3\" data-animationOffset=\"top-into-view\"><div class=\"fusion-column-wrapper fusion-column-has-shadow fusion-flex-justify-content-flex-start fusion-content-layout-column\"><div class=\"fusion-image-element \" style=\"--awb-caption-title-font-family:var(--h2_typography-font-family);--awb-caption-title-font-weight:var(--h2_typography-font-weight);--awb-caption-title-font-style:var(--h2_typography-font-style);--awb-caption-title-size:var(--h2_typography-font-size);--awb-caption-title-transform:var(--h2_typography-text-transform);--awb-caption-title-line-height:var(--h2_typography-line-height);--awb-caption-title-letter-spacing:var(--h2_typography-letter-spacing);\"><span class=\" fusion-imageframe imageframe-none imageframe-1 hover-type-zoomin fusion-animated\" data-animationType=\"fadeInDown\" data-animationDuration=\"0.2\" data-animationDelay=\"0.3\" data-animationOffset=\"top-into-view\"><img decoding=\"async\" width=\"1200\" height=\"461\" title=\"bottiglie-dop-igp-def-allargato\" src=\"https:\/\/ecceukch.eu\/wp-content\/uploads\/2025\/09\/bottiglie-dop-igp-def-allargato.jpg\" data-orig-src=\"https:\/\/ecceukch.eu\/wp-content\/uploads\/2025\/09\/bottiglie-dop-igp-def-allargato-1200x461.jpg\" alt class=\"lazyload img-responsive wp-image-7857\" srcset=\"data:image\/svg+xml,%3Csvg%20xmlns%3D%27http%3A%2F%2Fwww.w3.org%2F2000%2Fsvg%27%20width%3D%272560%27%20height%3D%27983%27%20viewBox%3D%270%200%202560%20983%27%3E%3Crect%20width%3D%272560%27%20height%3D%27983%27%20fill-opacity%3D%220%22%2F%3E%3C%2Fsvg%3E\" data-srcset=\"https:\/\/ecceukch.eu\/wp-content\/uploads\/2025\/09\/bottiglie-dop-igp-def-allargato-200x77.jpg 200w, https:\/\/ecceukch.eu\/wp-content\/uploads\/2025\/09\/bottiglie-dop-igp-def-allargato-400x154.jpg 400w, https:\/\/ecceukch.eu\/wp-content\/uploads\/2025\/09\/bottiglie-dop-igp-def-allargato-600x230.jpg 600w, https:\/\/ecceukch.eu\/wp-content\/uploads\/2025\/09\/bottiglie-dop-igp-def-allargato-800x307.jpg 800w, https:\/\/ecceukch.eu\/wp-content\/uploads\/2025\/09\/bottiglie-dop-igp-def-allargato-1200x461.jpg 1200w\" data-sizes=\"auto\" data-orig-sizes=\"(max-width: 1024px) 100vw, (max-width: 640px) 100vw, 1200px\" \/><\/span><\/div><\/div><\/div><\/div><\/div><div class=\"fusion-fullwidth fullwidth-box fusion-builder-row-2 fusion-flex-container nonhundred-percent-fullwidth non-hundred-percent-height-scrolling fusion-animated\" style=\"--awb-border-radius-top-left:0px;--awb-border-radius-top-right:0px;--awb-border-radius-bottom-right:0px;--awb-border-radius-bottom-left:0px;--awb-margin-bottom:120px;--awb-margin-bottom-medium:80px;--awb-margin-bottom-small:60px;--awb-flex-wrap:wrap;\" data-animationType=\"fadeInUp\" data-animationDuration=\"1.3\" data-animationOffset=\"top-into-view\" ><div class=\"fusion-builder-row fusion-row fusion-flex-align-items-center fusion-flex-justify-content-center fusion-flex-content-wrap\" style=\"max-width:1216.8px;margin-left: calc(-4% \/ 2 );margin-right: calc(-4% \/ 2 );\"><div class=\"fusion-layout-column fusion_builder_column fusion-builder-column-1 fusion_builder_column_1_1 1_1 fusion-flex-column fusion-animated\" style=\"--awb-bg-size:cover;--awb-width-large:100%;--awb-margin-top-large:23px;--awb-spacing-right-large:1.92%;--awb-margin-bottom-large:70px;--awb-spacing-left-large:1.92%;--awb-width-medium:100%;--awb-order-medium:0;--awb-spacing-right-medium:1.92%;--awb-spacing-left-medium:1.92%;--awb-width-small:100%;--awb-order-small:0;--awb-spacing-right-small:1.92%;--awb-margin-bottom-small:50px;--awb-spacing-left-small:1.92%;\" data-animationType=\"fadeIn\" data-animationDuration=\"0.3\" data-animationOffset=\"top-into-view\"><div class=\"fusion-column-wrapper fusion-column-has-shadow fusion-flex-justify-content-flex-start fusion-content-layout-column\"><div class=\"fusion-title title fusion-title-1 fusion-title-center fusion-title-text fusion-title-size-two\" style=\"--awb-margin-top-small:0px;--awb-margin-bottom-small:20px;\"><div class=\"title-sep-container title-sep-container-left\"><div class=\"title-sep sep- sep-solid\" style=\"border-color:var(--awb-color3);\"><\/div><\/div><span class=\"awb-title-spacer\"><\/span><h2 class=\"fusion-title-heading title-heading-center fusion-responsive-typography-calculated\" style=\"margin:0;text-transform:none;--fontSize:42;line-height:var(--awb-typography1-line-height);\">Warum europ\u00e4isches DOP- und IGP-Oliven\u00f6l extra vergine w\u00e4hlen?<\/h2><span class=\"awb-title-spacer\"><\/span><div class=\"title-sep-container title-sep-container-right\"><div class=\"title-sep sep- sep-solid\" style=\"border-color:var(--awb-color3);\"><\/div><\/div><\/div><div class=\"fusion-text fusion-text-1 fusion-text-no-margin\" style=\"--awb-content-alignment:center;--awb-margin-right:15%;--awb-margin-bottom:0px;--awb-margin-left:15%;\"><p data-start=\"233\" data-end=\"582\">Die Wahl eines zertifizierten europ\u00e4ischen Oliven\u00f6ls extra vergine mit <strong data-start=\"292\" data-end=\"299\">DOP<\/strong>&#8211; oder <strong data-start=\"302\" data-end=\"309\">IGP<\/strong>-Siegel bedeutet eine Entscheidung f\u00fcr Geschmack, aber auch f\u00fcr Kultur und Verantwortung. Es handelt sich nicht nur um ein kostbares W\u00fcrzmittel, sondern um ein Produkt, das eine jahrtausendealte Geschichte, eine tiefe Verbindung zum Territorium und die Garantie h\u00f6chster Qualit\u00e4tsstandards mit sich bringt. <\/p>\n<p data-start=\"584\" data-end=\"967\">In Europa ist Oliven\u00f6l extra vergine viel mehr als ein Lebensmittel: Es ist integraler Bestandteil eines gastronomischen Erbes, das die ganze Welt uns beneidet. Um dessen Authentizit\u00e4t zu sch\u00fctzen, hat die Europ\u00e4ische Union strenge Regeln und Zertifizierungssysteme eingef\u00fchrt, die jeden Schritt der Produktionskette \u00fcberwachen, vom Anbau der Olivenb\u00e4ume \u00fcber das Pressen der Oliven bis hin zur Abf\u00fcllung. <\/p>\n<p data-start=\"969\" data-end=\"1793\">Ein <strong data-start=\"977\" data-end=\"1020\">DOP-\u00d6l (Denominazione di Origine Protetta \u2013 Gesch\u00fctzte Ursprungsbezeichnung)<\/strong> garantiert, dass alle Produktionsphasen \u2013 Anbau, Ernte und Verarbeitung \u2013 in einem bestimmten geografischen Gebiet stattfinden. Es ist die treueste Widerspielung eines Territoriums mit seinen Mikroklimata, seinen B\u00f6den und seinen Traditionen, die dem Produkt einen unverwechselbaren Charakter verleihen.<br data-start=\"1304\" data-end=\"1307\">Ein <strong data-start=\"1315\" data-end=\"1356\">IGP-\u00d6l (Indicazione Geografica Protetta \u2013 Gesch\u00fctzte geografische Angabe)<\/strong> gew\u00e4hrleistet hingegen, dass mindestens eine Produktionsphase in dem angegebenen Gebiet stattfindet, was gr\u00f6\u00dfere Flexibilit\u00e4t erm\u00f6glicht, aber immer unter Einhaltung der europ\u00e4ischen Qualit\u00e4ts- und R\u00fcckverfolgbarkeitsregeln. <\/p>\n<p data-start=\"1795\" data-end=\"1882\">Die Wahl eines zertifizierten europ\u00e4ischen \u00d6ls bedeutet daher, ein Produkt auf den Tisch zu bringen, das:<\/p>\n<ul data-start=\"1883\" data-end=\"2257\">\n<li data-start=\"1883\" data-end=\"1988\">\n<p data-start=\"1885\" data-end=\"1988\"><strong data-start=\"1885\" data-end=\"1898\">authentisch<\/strong> ist, weil es in einem bestimmten Land verwurzelt und das Ergebnis von Traditionen ist, die \u00fcber Generationen weitergegeben wurden;<\/p>\n<\/li>\n<li data-start=\"1989\" data-end=\"2063\">\n<p data-start=\"1991\" data-end=\"2063\"><strong data-start=\"1991\" data-end=\"2015\">sicher und r\u00fcckverfolgbar<\/strong> ist, weil jede Phase \u00fcberwacht und kontrolliert wird;<\/p>\n<\/li>\n<li data-start=\"2064\" data-end=\"2139\">\n<p data-start=\"2066\" data-end=\"2139\"><strong data-start=\"2066\" data-end=\"2081\">nachhaltig<\/strong> ist, weil es die Umwelt respektiert und die Biodiversit\u00e4t f\u00f6rdert;<\/p>\n<\/li>\n<li data-start=\"2140\" data-end=\"2257\">\n<p data-start=\"2142\" data-end=\"2257\"><strong data-start=\"2142\" data-end=\"2156\">exzellent<\/strong> ist, weil es einzigartige Aromen und sensorische Nuancen ausdr\u00fcckt, die weltweit anerkannt und gesch\u00e4tzt werden.<\/p>\n<\/li>\n<\/ul>\n<p data-start=\"2259\" data-end=\"2552\">Wenn Sie eine Flasche Oliven\u00f6l extra vergine DOP oder IGP \u00f6ffnen, w\u00e4hlen Sie nicht irgendein Produkt, sondern ein wahres Qualit\u00e4tsversprechen: das Ergebnis einer Kultur, die Natur, Geschichte und K\u00f6nnen vereint und die sich Tag f\u00fcr Tag erneuert, um nur das Beste zu bieten.<\/p>\n<\/div><div class=\"fusion-separator fusion-no-small-visibility fusion-full-width-sep\" style=\"align-self: center;margin-left: auto;margin-right: auto;margin-top:70px;margin-bottom:0px;width:100%;\"><div class=\"fusion-separator-border sep-single sep-solid\" style=\"--awb-height:20px;--awb-amount:20px;border-color:var(--awb-color2);border-top-width:2px;\"><\/div><\/div><\/div><\/div><div class=\"fusion-layout-column fusion_builder_column fusion-builder-column-2 fusion_builder_column_1_2 1_2 fusion-flex-column\" style=\"--awb-padding-right-medium:0px;--awb-padding-left-medium:0px;--awb-bg-size:cover;--awb-width-large:50%;--awb-margin-top-large:0px;--awb-spacing-right-large:110px;--awb-margin-bottom-large:0px;--awb-spacing-left-large:3.84%;--awb-width-medium:60%;--awb-order-medium:0;--awb-spacing-right-medium:110px;--awb-spacing-left-medium:3.2%;--awb-width-small:100%;--awb-order-small:1;--awb-spacing-right-small:1.92%;--awb-margin-bottom-small:0px;--awb-spacing-left-small:1.92%;\"><div class=\"fusion-column-wrapper fusion-column-has-shadow fusion-flex-justify-content-center fusion-content-layout-column\"><i class=\"fb-icon-element-1 fb-icon-element fontawesome-icon fa-pagelines fab circle-yes\" style=\"--awb-circlecolor-hover:var(--awb-color4);--awb-circlebordercolor:var(--awb-color6);--awb-circlebordercolor-hover:var(--awb-color4);--awb-circlebordersize:0px;--awb-font-size:39px;--awb-width:101px;--awb-height:101px;--awb-line-height:101px;--awb-align-self:center;--awb-margin-top:0px;--awb-margin-right:0px;--awb-margin-bottom:40px;--awb-margin-left:0px;\"><\/i><div class=\"fusion-title title fusion-title-2 fusion-title-center fusion-title-text fusion-title-size-two\" style=\"--awb-margin-top:10px;--awb-margin-right:0px;--awb-margin-bottom:40px;--awb-margin-left:0px;--awb-margin-top-small:10px;--awb-margin-right-small:0px;--awb-margin-bottom-small:50px;--awb-margin-left-small:0px;\"><div class=\"title-sep-container title-sep-container-left\"><div class=\"title-sep sep- sep-solid\" style=\"border-color:var(--awb-color3);\"><\/div><\/div><span class=\"awb-title-spacer\"><\/span><h2 class=\"fusion-title-heading title-heading-center fusion-responsive-typography-calculated\" style=\"margin:0;text-transform:none;--fontSize:42;line-height:var(--awb-typography1-line-height);\">Wussten Sie, dass&#8230;<\/h2><span class=\"awb-title-spacer\"><\/span><div class=\"title-sep-container title-sep-container-right\"><div class=\"title-sep sep- sep-solid\" style=\"border-color:var(--awb-color3);\"><\/div><\/div><\/div><div class=\"fusion-text fusion-text-2 fusion-text-no-margin\" style=\"--awb-content-alignment:center;--awb-margin-right:10%;--awb-margin-bottom:0px;--awb-margin-left:10%;\"><p>Wussten Sie, dass die Wurzeln des Olivenbaums bis zu <strong data-start=\"767\" data-end=\"792\">6 Meter tief<\/strong> reichen k\u00f6nnen, auf der Suche nach Wasser und wertvollen Mineralien? Diese verborgene Kraft erm\u00f6glicht es den Olivenb\u00e4umen, jahrhundertelange mediterrane Sommer zu \u00fcberleben.<\/p>\n<\/div><\/div><\/div><div class=\"fusion-layout-column fusion_builder_column fusion-builder-column-3 fusion_builder_column_1_2 1_2 fusion-flex-column\" style=\"--awb-bg-size:cover;--awb-width-large:50%;--awb-margin-top-large:0px;--awb-spacing-right-large:3.84%;--awb-margin-bottom-large:0px;--awb-spacing-left-large:3.84%;--awb-width-medium:40%;--awb-order-medium:0;--awb-spacing-right-medium:4.8%;--awb-spacing-left-medium:4.8%;--awb-width-small:100%;--awb-order-small:0;--awb-spacing-right-small:1.92%;--awb-margin-bottom-small:60px;--awb-spacing-left-small:1.92%;\"><div class=\"fusion-column-wrapper fusion-column-has-shadow fusion-flex-justify-content-flex-start fusion-content-layout-column\"><div class=\"fusion-image-element \" style=\"--awb-caption-title-font-family:var(--h2_typography-font-family);--awb-caption-title-font-weight:var(--h2_typography-font-weight);--awb-caption-title-font-style:var(--h2_typography-font-style);--awb-caption-title-size:var(--h2_typography-font-size);--awb-caption-title-transform:var(--h2_typography-text-transform);--awb-caption-title-line-height:var(--h2_typography-line-height);--awb-caption-title-letter-spacing:var(--h2_typography-letter-spacing);\"><span class=\" fusion-imageframe imageframe-none imageframe-2 hover-type-none\"><img decoding=\"async\" width=\"900\" height=\"950\" title=\"lo-sapevi-che-4\" src=\"https:\/\/ecceukch.eu\/wp-content\/uploads\/2025\/08\/lo-sapevi-che-4.jpg\" data-orig-src=\"https:\/\/ecceukch.eu\/wp-content\/uploads\/2025\/08\/lo-sapevi-che-4.jpg\" alt class=\"lazyload img-responsive wp-image-7840\" srcset=\"data:image\/svg+xml,%3Csvg%20xmlns%3D%27http%3A%2F%2Fwww.w3.org%2F2000%2Fsvg%27%20width%3D%27900%27%20height%3D%27950%27%20viewBox%3D%270%200%20900%20950%27%3E%3Crect%20width%3D%27900%27%20height%3D%27950%27%20fill-opacity%3D%220%22%2F%3E%3C%2Fsvg%3E\" data-srcset=\"https:\/\/ecceukch.eu\/wp-content\/uploads\/2025\/08\/lo-sapevi-che-4-200x211.jpg 200w, https:\/\/ecceukch.eu\/wp-content\/uploads\/2025\/08\/lo-sapevi-che-4-400x422.jpg 400w, https:\/\/ecceukch.eu\/wp-content\/uploads\/2025\/08\/lo-sapevi-che-4-600x633.jpg 600w, https:\/\/ecceukch.eu\/wp-content\/uploads\/2025\/08\/lo-sapevi-che-4-800x844.jpg 800w, https:\/\/ecceukch.eu\/wp-content\/uploads\/2025\/08\/lo-sapevi-che-4.jpg 900w\" data-sizes=\"auto\" data-orig-sizes=\"(max-width: 1024px) 100vw, (max-width: 640px) 100vw, 600px\" \/><\/span><\/div><\/div><\/div><\/div><\/div><\/p>\n","protected":false},"excerpt":{"rendered":"","protected":false},"author":1,"featured_media":7616,"parent":0,"menu_order":0,"comment_status":"closed","ping_status":"closed","template":"100-width.php","meta":{"footnotes":""},"class_list":["post-7990","page","type-page","status-publish","has-post-thumbnail","hentry"],"_links":{"self":[{"href":"https:\/\/ecceukch.eu\/de\/wp-json\/wp\/v2\/pages\/7990","targetHints":{"allow":["GET"]}}],"collection":[{"href":"https:\/\/ecceukch.eu\/de\/wp-json\/wp\/v2\/pages"}],"about":[{"href":"https:\/\/ecceukch.eu\/de\/wp-json\/wp\/v2\/types\/page"}],"author":[{"embeddable":true,"href":"https:\/\/ecceukch.eu\/de\/wp-json\/wp\/v2\/users\/1"}],"replies":[{"embeddable":true,"href":"https:\/\/ecceukch.eu\/de\/wp-json\/wp\/v2\/comments?post=7990"}],"version-history":[{"count":2,"href":"https:\/\/ecceukch.eu\/de\/wp-json\/wp\/v2\/pages\/7990\/revisions"}],"predecessor-version":[{"id":7994,"href":"https:\/\/ecceukch.eu\/de\/wp-json\/wp\/v2\/pages\/7990\/revisions\/7994"}],"wp:featuredmedia":[{"embeddable":true,"href":"https:\/\/ecceukch.eu\/de\/wp-json\/wp\/v2\/media\/7616"}],"wp:attachment":[{"href":"https:\/\/ecceukch.eu\/de\/wp-json\/wp\/v2\/media?parent=7990"}],"curies":[{"name":"wp","href":"https:\/\/api.w.org\/{rel}","templated":true}]}}