{"id":7959,"date":"2025-08-28T13:11:04","date_gmt":"2025-08-28T13:11:04","guid":{"rendered":"https:\/\/ecceukch.eu\/die-kunst-des-nativen-olivenoels-extra\/"},"modified":"2025-09-26T13:40:54","modified_gmt":"2025-09-26T13:40:54","slug":"die-kunst-des-nativen-olivenoels-extra","status":"publish","type":"page","link":"https:\/\/ecceukch.eu\/de\/die-kunst-des-nativen-olivenoels-extra\/","title":{"rendered":"Die Kunst des nativen Oliven\u00f6ls extra"},"content":{"rendered":"<p><div class=\"fusion-fullwidth fullwidth-box fusion-builder-row-1 fusion-flex-container nonhundred-percent-fullwidth non-hundred-percent-height-scrolling fusion-animated\" style=\"--awb-border-radius-top-left:0px;--awb-border-radius-top-right:0px;--awb-border-radius-bottom-right:0px;--awb-border-radius-bottom-left:0px;--awb-padding-bottom:0px;--awb-margin-bottom:0px;--awb-margin-bottom-medium:80px;--awb-margin-bottom-small:60px;--awb-flex-wrap:wrap;\" data-animationType=\"fadeInUp\" data-animationDuration=\"1.3\" data-animationOffset=\"top-into-view\" ><div class=\"fusion-builder-row fusion-row fusion-flex-align-items-center fusion-flex-justify-content-center fusion-flex-content-wrap\" style=\"max-width:1216.8px;margin-left: calc(-4% \/ 2 );margin-right: calc(-4% \/ 2 );\"><div class=\"fusion-layout-column fusion_builder_column fusion-builder-column-0 fusion_builder_column_1_1 1_1 fusion-flex-column fusion-animated\" style=\"--awb-bg-size:cover;--awb-width-large:100%;--awb-margin-top-large:0px;--awb-spacing-right-large:1.92%;--awb-margin-bottom-large:0px;--awb-spacing-left-large:1.92%;--awb-width-medium:100%;--awb-order-medium:0;--awb-spacing-right-medium:1.92%;--awb-spacing-left-medium:1.92%;--awb-width-small:100%;--awb-order-small:0;--awb-spacing-right-small:1.92%;--awb-margin-bottom-small:50px;--awb-spacing-left-small:1.92%;\" data-animationType=\"fadeIn\" data-animationDuration=\"0.3\" data-animationOffset=\"top-into-view\"><div class=\"fusion-column-wrapper fusion-column-has-shadow fusion-flex-justify-content-flex-start fusion-content-layout-column\"><div class=\"fusion-image-element \" style=\"--awb-caption-title-font-family:var(--h2_typography-font-family);--awb-caption-title-font-weight:var(--h2_typography-font-weight);--awb-caption-title-font-style:var(--h2_typography-font-style);--awb-caption-title-size:var(--h2_typography-font-size);--awb-caption-title-transform:var(--h2_typography-text-transform);--awb-caption-title-line-height:var(--h2_typography-line-height);--awb-caption-title-letter-spacing:var(--h2_typography-letter-spacing);\"><span class=\" fusion-imageframe imageframe-none imageframe-1 hover-type-zoomin fusion-animated\" data-animationType=\"fadeInDown\" data-animationDuration=\"0.2\" data-animationDelay=\"0.3\" data-animationOffset=\"top-into-view\"><img decoding=\"async\" width=\"2560\" height=\"983\" title=\"bottoglia-olio-per-pagina-sezione\" src=\"https:\/\/ecceukch.eu\/wp-content\/uploads\/2025\/08\/bottoglia-olio-per-pagina-sezione-scaled.jpg\" data-orig-src=\"https:\/\/ecceukch.eu\/wp-content\/uploads\/2025\/08\/bottoglia-olio-per-pagina-sezione-scaled.jpg\" alt class=\"lazyload img-responsive wp-image-7780\" srcset=\"data:image\/svg+xml,%3Csvg%20xmlns%3D%27http%3A%2F%2Fwww.w3.org%2F2000%2Fsvg%27%20width%3D%272560%27%20height%3D%27983%27%20viewBox%3D%270%200%202560%20983%27%3E%3Crect%20width%3D%272560%27%20height%3D%27983%27%20fill-opacity%3D%220%22%2F%3E%3C%2Fsvg%3E\" data-srcset=\"https:\/\/ecceukch.eu\/wp-content\/uploads\/2025\/08\/bottoglia-olio-per-pagina-sezione-200x77.jpg 200w, https:\/\/ecceukch.eu\/wp-content\/uploads\/2025\/08\/bottoglia-olio-per-pagina-sezione-400x154.jpg 400w, https:\/\/ecceukch.eu\/wp-content\/uploads\/2025\/08\/bottoglia-olio-per-pagina-sezione-600x230.jpg 600w, https:\/\/ecceukch.eu\/wp-content\/uploads\/2025\/08\/bottoglia-olio-per-pagina-sezione-800x307.jpg 800w, https:\/\/ecceukch.eu\/wp-content\/uploads\/2025\/08\/bottoglia-olio-per-pagina-sezione-1200x461.jpg 1200w, https:\/\/ecceukch.eu\/wp-content\/uploads\/2025\/08\/bottoglia-olio-per-pagina-sezione-scaled.jpg 2560w\" data-sizes=\"auto\" data-orig-sizes=\"(max-width: 1024px) 100vw, (max-width: 640px) 100vw, 1200px\" \/><\/span><\/div><\/div><\/div><\/div><\/div><div class=\"fusion-fullwidth fullwidth-box fusion-builder-row-2 fusion-flex-container nonhundred-percent-fullwidth non-hundred-percent-height-scrolling fusion-animated\" style=\"--awb-border-radius-top-left:0px;--awb-border-radius-top-right:0px;--awb-border-radius-bottom-right:0px;--awb-border-radius-bottom-left:0px;--awb-margin-bottom:120px;--awb-margin-bottom-medium:80px;--awb-margin-bottom-small:60px;--awb-flex-wrap:wrap;\" data-animationType=\"fadeInUp\" data-animationDuration=\"1.3\" data-animationOffset=\"top-into-view\" ><div class=\"fusion-builder-row fusion-row fusion-flex-align-items-center fusion-flex-justify-content-center fusion-flex-content-wrap\" style=\"max-width:1216.8px;margin-left: calc(-4% \/ 2 );margin-right: calc(-4% \/ 2 );\"><div class=\"fusion-layout-column fusion_builder_column fusion-builder-column-1 fusion_builder_column_1_1 1_1 fusion-flex-column fusion-animated\" style=\"--awb-bg-size:cover;--awb-width-large:100%;--awb-margin-top-large:23px;--awb-spacing-right-large:1.92%;--awb-margin-bottom-large:70px;--awb-spacing-left-large:1.92%;--awb-width-medium:100%;--awb-order-medium:0;--awb-spacing-right-medium:1.92%;--awb-spacing-left-medium:1.92%;--awb-width-small:100%;--awb-order-small:0;--awb-spacing-right-small:1.92%;--awb-margin-bottom-small:50px;--awb-spacing-left-small:1.92%;\" data-animationType=\"fadeIn\" data-animationDuration=\"0.3\" data-animationOffset=\"top-into-view\"><div class=\"fusion-column-wrapper fusion-column-has-shadow fusion-flex-justify-content-flex-start fusion-content-layout-column\"><div class=\"fusion-title title fusion-title-1 fusion-title-center fusion-title-text fusion-title-size-two\" style=\"--awb-margin-top-small:0px;--awb-margin-bottom-small:20px;\"><div class=\"title-sep-container title-sep-container-left\"><div class=\"title-sep sep- sep-solid\" style=\"border-color:var(--awb-color3);\"><\/div><\/div><span class=\"awb-title-spacer\"><\/span><h2 class=\"fusion-title-heading title-heading-center fusion-responsive-typography-calculated\" style=\"margin:0;text-transform:none;--fontSize:42;line-height:var(--awb-typography1-line-height);\">Von der Natur geschaffen. Mit Leidenschaft abgef\u00fcllt <\/h2><span class=\"awb-title-spacer\"><\/span><div class=\"title-sep-container title-sep-container-right\"><div class=\"title-sep sep- sep-solid\" style=\"border-color:var(--awb-color3);\"><\/div><\/div><\/div><div class=\"fusion-text fusion-text-1 fusion-text-no-margin\" style=\"--awb-content-alignment:center;--awb-margin-right:15%;--awb-margin-bottom:0px;--awb-margin-left:15%;\"><p data-start=\"1410\" data-end=\"1791\">Hinter jeder Flasche natives Oliven\u00f6l extra steckt eine Geschichte der Liebe zum Land. Die zum richtigen Reifezeitpunkt geernteten Oliven werden mit Methoden verarbeitet, die Zeit und Qualit\u00e4t respektieren, um die nat\u00fcrlichen Aromen bestm\u00f6glich zu erhalten. Es ist nicht nur Produktion: Es ist ein Akt des Respekts gegen\u00fcber der Umwelt, der Tradition und denjenigen, die dieses Meisterwerk t\u00e4glich auf den Tisch bringen.  <\/p>\n<p data-start=\"1793\" data-end=\"2087\">Die Natur bietet ihre Fr\u00fcchte, aber es ist die Hand des Menschen \u2013 geleitet von Leidenschaft \u2013 die sie in ein einzigartiges Produkt verwandelt. Die Sorgfalt, mit der jedes Detail ausgew\u00e4hlt wird, von der Ernte \u00fcber das Pressen bis zur Abf\u00fcllung, ist die Garantie f\u00fcr eine Authentizit\u00e4t, die bereits beim ersten Verkosten sp\u00fcrbar ist. <\/p>\n<p data-start=\"2089\" data-end=\"2449\">In einer Welt, in der oft die Standardisierung \u00fcberwiegt, bleibt natives Oliven\u00f6l extra ein kostbares und einzigartiges Gut: Jede Flasche tr\u00e4gt die Identit\u00e4t ihrer Region und das Engagement derer in sich, die mit Hingabe arbeiten. Es ist diese untrennbare Verbindung zwischen Natur und Leidenschaft, die das native Oliven\u00f6l extra zu einem Symbol europ\u00e4ischer Exzellenz macht, das weltweit anerkannt und gesch\u00e4tzt wird. <\/p>\n<\/div><div class=\"fusion-separator fusion-no-small-visibility fusion-full-width-sep\" style=\"align-self: center;margin-left: auto;margin-right: auto;margin-top:70px;margin-bottom:0px;width:100%;\"><div class=\"fusion-separator-border sep-single sep-solid\" style=\"--awb-height:20px;--awb-amount:20px;border-color:var(--awb-color2);border-top-width:2px;\"><\/div><\/div><\/div><\/div><div class=\"fusion-layout-column fusion_builder_column fusion-builder-column-2 fusion_builder_column_1_2 1_2 fusion-flex-column\" style=\"--awb-padding-right-medium:0px;--awb-padding-left-medium:0px;--awb-bg-size:cover;--awb-width-large:50%;--awb-margin-top-large:0px;--awb-spacing-right-large:110px;--awb-margin-bottom-large:0px;--awb-spacing-left-large:3.84%;--awb-width-medium:60%;--awb-order-medium:0;--awb-spacing-right-medium:110px;--awb-spacing-left-medium:3.2%;--awb-width-small:100%;--awb-order-small:1;--awb-spacing-right-small:1.92%;--awb-margin-bottom-small:0px;--awb-spacing-left-small:1.92%;\"><div class=\"fusion-column-wrapper fusion-column-has-shadow fusion-flex-justify-content-center fusion-content-layout-column\"><i class=\"fb-icon-element-1 fb-icon-element fontawesome-icon fa-landmark fas circle-yes\" style=\"--awb-circlecolor-hover:var(--awb-color4);--awb-circlebordercolor:var(--awb-color6);--awb-circlebordercolor-hover:var(--awb-color4);--awb-circlebordersize:0px;--awb-font-size:39px;--awb-width:101px;--awb-height:101px;--awb-line-height:101px;--awb-align-self:center;--awb-margin-top:0px;--awb-margin-right:0px;--awb-margin-bottom:40px;--awb-margin-left:0px;\"><\/i><div class=\"fusion-title title fusion-title-2 fusion-title-center fusion-title-text fusion-title-size-two\" style=\"--awb-margin-top:10px;--awb-margin-right:0px;--awb-margin-bottom:40px;--awb-margin-left:0px;--awb-margin-top-small:10px;--awb-margin-right-small:0px;--awb-margin-bottom-small:50px;--awb-margin-left-small:0px;\"><div class=\"title-sep-container title-sep-container-left\"><div class=\"title-sep sep- sep-solid\" style=\"border-color:var(--awb-color3);\"><\/div><\/div><span class=\"awb-title-spacer\"><\/span><h2 class=\"fusion-title-heading title-heading-center fusion-responsive-typography-calculated\" style=\"margin:0;text-transform:none;--fontSize:42;line-height:var(--awb-typography1-line-height);\">Wussten Sie, dass&#8230;<\/h2><span class=\"awb-title-spacer\"><\/span><div class=\"title-sep-container title-sep-container-right\"><div class=\"title-sep sep- sep-solid\" style=\"border-color:var(--awb-color3);\"><\/div><\/div><\/div><div class=\"fusion-text fusion-text-2 fusion-text-no-margin\" style=\"--awb-content-alignment:center;--awb-margin-right:10%;--awb-margin-bottom:0px;--awb-margin-left:10%;\"><p>Natives Oliven\u00f6l extra ist nicht nur ein Gew\u00fcrz, sondern auch eine echte <strong data-start=\"1025\" data-end=\"1044\">kulturelle Signatur<\/strong>: Seit \u00fcber 3.000 Jahren begleitet es die K\u00fcche, die Kunst und die sozialen Rituale des Mittelmeerraums und ist zum Symbol f\u00fcr Geselligkeit und Lebensstil geworden.<\/p>\n<\/div><\/div><\/div><div class=\"fusion-layout-column fusion_builder_column fusion-builder-column-3 fusion_builder_column_1_2 1_2 fusion-flex-column\" style=\"--awb-bg-size:cover;--awb-width-large:50%;--awb-margin-top-large:0px;--awb-spacing-right-large:3.84%;--awb-margin-bottom-large:0px;--awb-spacing-left-large:3.84%;--awb-width-medium:40%;--awb-order-medium:0;--awb-spacing-right-medium:4.8%;--awb-spacing-left-medium:4.8%;--awb-width-small:100%;--awb-order-small:0;--awb-spacing-right-small:1.92%;--awb-margin-bottom-small:60px;--awb-spacing-left-small:1.92%;\"><div class=\"fusion-column-wrapper fusion-column-has-shadow fusion-flex-justify-content-flex-start fusion-content-layout-column\"><div class=\"fusion-image-element \" style=\"--awb-caption-title-font-family:var(--h2_typography-font-family);--awb-caption-title-font-weight:var(--h2_typography-font-weight);--awb-caption-title-font-style:var(--h2_typography-font-style);--awb-caption-title-size:var(--h2_typography-font-size);--awb-caption-title-transform:var(--h2_typography-text-transform);--awb-caption-title-line-height:var(--h2_typography-line-height);--awb-caption-title-letter-spacing:var(--h2_typography-letter-spacing);\"><span class=\" fusion-imageframe imageframe-none imageframe-2 hover-type-none\"><img decoding=\"async\" width=\"900\" height=\"950\" title=\"lo-sapevi-che-3\" src=\"https:\/\/ecceukch.eu\/wp-content\/uploads\/2025\/08\/lo-sapevi-che-3.jpg\" data-orig-src=\"https:\/\/ecceukch.eu\/wp-content\/uploads\/2025\/08\/lo-sapevi-che-3.jpg\" alt class=\"lazyload img-responsive wp-image-7787\" srcset=\"data:image\/svg+xml,%3Csvg%20xmlns%3D%27http%3A%2F%2Fwww.w3.org%2F2000%2Fsvg%27%20width%3D%27900%27%20height%3D%27950%27%20viewBox%3D%270%200%20900%20950%27%3E%3Crect%20width%3D%27900%27%20height%3D%27950%27%20fill-opacity%3D%220%22%2F%3E%3C%2Fsvg%3E\" data-srcset=\"https:\/\/ecceukch.eu\/wp-content\/uploads\/2025\/08\/lo-sapevi-che-3-200x211.jpg 200w, https:\/\/ecceukch.eu\/wp-content\/uploads\/2025\/08\/lo-sapevi-che-3-400x422.jpg 400w, https:\/\/ecceukch.eu\/wp-content\/uploads\/2025\/08\/lo-sapevi-che-3-600x633.jpg 600w, https:\/\/ecceukch.eu\/wp-content\/uploads\/2025\/08\/lo-sapevi-che-3-800x844.jpg 800w, https:\/\/ecceukch.eu\/wp-content\/uploads\/2025\/08\/lo-sapevi-che-3.jpg 900w\" data-sizes=\"auto\" data-orig-sizes=\"(max-width: 1024px) 100vw, (max-width: 640px) 100vw, 600px\" \/><\/span><\/div><\/div><\/div><\/div><\/div><\/p>\n","protected":false},"excerpt":{"rendered":"","protected":false},"author":1,"featured_media":0,"parent":0,"menu_order":0,"comment_status":"closed","ping_status":"closed","template":"100-width.php","meta":{"footnotes":""},"class_list":["post-7959","page","type-page","status-publish","hentry"],"_links":{"self":[{"href":"https:\/\/ecceukch.eu\/de\/wp-json\/wp\/v2\/pages\/7959","targetHints":{"allow":["GET"]}}],"collection":[{"href":"https:\/\/ecceukch.eu\/de\/wp-json\/wp\/v2\/pages"}],"about":[{"href":"https:\/\/ecceukch.eu\/de\/wp-json\/wp\/v2\/types\/page"}],"author":[{"embeddable":true,"href":"https:\/\/ecceukch.eu\/de\/wp-json\/wp\/v2\/users\/1"}],"replies":[{"embeddable":true,"href":"https:\/\/ecceukch.eu\/de\/wp-json\/wp\/v2\/comments?post=7959"}],"version-history":[{"count":2,"href":"https:\/\/ecceukch.eu\/de\/wp-json\/wp\/v2\/pages\/7959\/revisions"}],"predecessor-version":[{"id":7963,"href":"https:\/\/ecceukch.eu\/de\/wp-json\/wp\/v2\/pages\/7959\/revisions\/7963"}],"wp:attachment":[{"href":"https:\/\/ecceukch.eu\/de\/wp-json\/wp\/v2\/media?parent=7959"}],"curies":[{"name":"wp","href":"https:\/\/api.w.org\/{rel}","templated":true}]}}